{"id":12518,"date":"2023-11-03T23:49:27","date_gmt":"2023-11-03T22:49:27","guid":{"rendered":"http:\/\/innocentiemangonipiante.it\/calocedrus-decurrens\/"},"modified":"2023-11-06T14:08:09","modified_gmt":"2023-11-06T13:08:09","slug":"calocedrus-decurrens","status":"publish","type":"product","link":"https:\/\/innocentiemangonipiante.it\/fr\/calocedrus-decurrens\/","title":{"rendered":"CALOCEDRUS decurrens"},"content":{"rendered":"<p>Conif\u00e8re au port colonnaire et au grand d\u00e9veloppement. L\u2019\u00e9corce est de couleur marron-rouge\u00e2tre. Il donne des rameaux plats des feuilles de couleur vert fonc\u00e9, luisantes et lin\u00e9aires.<\/p>\n","protected":false},"excerpt":{"rendered":"<p>Conif\u00e8re au port colonnaire et au grand d\u00e9veloppement. L\u2019\u00e9corce est de couleur marron-rouge\u00e2tre. Il donne des rameaux plats des feuilles de couleur vert fonc\u00e9, luisantes et lin\u00e9aires.<\/p>\n","protected":false},"featured_media":1230,"template":"","meta":{"_acf_changed":false},"product_brand":[],"product_cat":[8824],"product_tag":[10897],"class_list":{"0":"post-12518","1":"product","2":"type-product","3":"status-publish","4":"has-post-thumbnail","6":"product_cat-coniferes","7":"product_tag-naturelle","8":"pa_altezza-massima-30-metres","9":"pa_altezza-massima-40-metres","10":"pa_condizionamento-clt-fr","11":"pa_condizionamento-motte","12":"pa_famiglia-cupressaceae-fr","13":"pa_genere-calocedrus-fr","14":"pa_origine-origine-delle-piante-u-s-a","15":"pa_portamento-de-colonne","16":"pa_resistenza-climatica-tres-elevee","17":"pa_resistenza-del-suolo-resistant-aux-sols-calcaires","18":"pa_resistenza-del-suolo-resistant-aux-sols-secs","19":"pa_utilizzo-parcs","21":"first","22":"instock","23":"purchasable","24":"product-type-simple"},"acf":[],"_links":{"self":[{"href":"https:\/\/innocentiemangonipiante.it\/fr\/wp-json\/wp\/v2\/product\/12518","targetHints":{"allow":["GET"]}}],"collection":[{"href":"https:\/\/innocentiemangonipiante.it\/fr\/wp-json\/wp\/v2\/product"}],"about":[{"href":"https:\/\/innocentiemangonipiante.it\/fr\/wp-json\/wp\/v2\/types\/product"}],"wp:featuredmedia":[{"embeddable":true,"href":"https:\/\/innocentiemangonipiante.it\/fr\/wp-json\/wp\/v2\/media\/1230"}],"wp:attachment":[{"href":"https:\/\/innocentiemangonipiante.it\/fr\/wp-json\/wp\/v2\/media?parent=12518"}],"wp:term":[{"taxonomy":"product_brand","embeddable":true,"href":"https:\/\/innocentiemangonipiante.it\/fr\/wp-json\/wp\/v2\/product_brand?post=12518"},{"taxonomy":"product_cat","embeddable":true,"href":"https:\/\/innocentiemangonipiante.it\/fr\/wp-json\/wp\/v2\/product_cat?post=12518"},{"taxonomy":"product_tag","embeddable":true,"href":"https:\/\/innocentiemangonipiante.it\/fr\/wp-json\/wp\/v2\/product_tag?post=12518"}],"curies":[{"name":"wp","href":"https:\/\/api.w.org\/{rel}","templated":true}]}}