{"id":12519,"date":"2023-11-03T23:50:01","date_gmt":"2023-11-03T22:50:01","guid":{"rendered":"http:\/\/innocentiemangonipiante.it\/calycanthus-praecox\/"},"modified":"2023-11-06T14:08:23","modified_gmt":"2023-11-06T13:08:23","slug":"calycanthus-praecox","status":"publish","type":"product","link":"https:\/\/innocentiemangonipiante.it\/fr\/calycanthus-praecox\/","title":{"rendered":"CALYCANTHUS praecox"},"content":{"rendered":"<p>Arbuste \u00e0 feuilles caduques au port \u00e9rig\u00e9 et aux feuilles vertes, oppos\u00e9es, d\u2019une longueur de 20 cm. En hiver, sur les branches d\u00e9pouill\u00e9es, s\u2019\u00e9panouissent des fleurs jaunes et parfum\u00e9es de 3 cm de largeur.<\/p>\n","protected":false},"excerpt":{"rendered":"<p>Arbuste \u00e0 feuilles caduques au port \u00e9rig\u00e9 et aux feuilles vertes, oppos\u00e9es, d\u2019une longueur de 20 cm. En hiver, sur les branches d\u00e9pouill\u00e9es, s\u2019\u00e9panouissent des fleurs jaunes et parfum\u00e9es de 3 cm de largeur.<\/p>\n","protected":false},"featured_media":1248,"template":"","meta":{"_acf_changed":false},"product_brand":[],"product_cat":[8812],"product_tag":[10897],"class_list":{"0":"post-12519","1":"product","2":"type-product","3":"status-publish","4":"has-post-thumbnail","6":"product_cat-arbres-et-arbustes-a-feuilles-caduques","7":"product_tag-naturelle","8":"pa_altezza-massima-300-fr-2","9":"pa_altezza-massima-400-fr","10":"pa_colore-fioritura-jaune","11":"pa_condizionamento-clt-fr","12":"pa_famiglia-calycanthaceae-fr","13":"pa_genere-calycanthus-fr","14":"pa_origine-asie-orientale","15":"pa_periodo-fioritura-decembre","16":"pa_periodo-fioritura-janvier","17":"pa_portamento-cespuglioso-fr","18":"pa_profumo-intense-fr","19":"pa_resistenza-climatica-tres-elevee","20":"pa_resistenza-del-suolo-resistant-au-sol-humide","21":"pa_resistenza-del-suolo-resistant-aux-sols-calcaires","22":"pa_utilizzo-parcs","23":"pa_utilizzo-petits-jardins","25":"first","26":"instock","27":"purchasable","28":"product-type-simple"},"acf":[],"_links":{"self":[{"href":"https:\/\/innocentiemangonipiante.it\/fr\/wp-json\/wp\/v2\/product\/12519","targetHints":{"allow":["GET"]}}],"collection":[{"href":"https:\/\/innocentiemangonipiante.it\/fr\/wp-json\/wp\/v2\/product"}],"about":[{"href":"https:\/\/innocentiemangonipiante.it\/fr\/wp-json\/wp\/v2\/types\/product"}],"wp:featuredmedia":[{"embeddable":true,"href":"https:\/\/innocentiemangonipiante.it\/fr\/wp-json\/wp\/v2\/media\/1248"}],"wp:attachment":[{"href":"https:\/\/innocentiemangonipiante.it\/fr\/wp-json\/wp\/v2\/media?parent=12519"}],"wp:term":[{"taxonomy":"product_brand","embeddable":true,"href":"https:\/\/innocentiemangonipiante.it\/fr\/wp-json\/wp\/v2\/product_brand?post=12519"},{"taxonomy":"product_cat","embeddable":true,"href":"https:\/\/innocentiemangonipiante.it\/fr\/wp-json\/wp\/v2\/product_cat?post=12519"},{"taxonomy":"product_tag","embeddable":true,"href":"https:\/\/innocentiemangonipiante.it\/fr\/wp-json\/wp\/v2\/product_tag?post=12519"}],"curies":[{"name":"wp","href":"https:\/\/api.w.org\/{rel}","templated":true}]}}