{"id":12520,"date":"2023-11-03T23:49:42","date_gmt":"2023-11-03T22:49:42","guid":{"rendered":"http:\/\/innocentiemangonipiante.it\/calycanthus-floridus\/"},"modified":"2023-11-06T14:08:14","modified_gmt":"2023-11-06T13:08:14","slug":"calycanthus-floridus","status":"publish","type":"product","link":"https:\/\/innocentiemangonipiante.it\/fr\/calycanthus-floridus\/","title":{"rendered":"CALYCANTHUS floridus"},"content":{"rendered":"<p>Arbuste caduc \u00e9largi, buissonneux, avec feuilles vert fonc\u00e9 de ov\u00e9es \u00e0 oblongues jusqu\u2019\u00e0 12 cm de longueur. En \u00e9t\u00e9 il produit des fleurs rouge fonc\u00e9.<\/p>\n","protected":false},"excerpt":{"rendered":"<p>Arbuste caduc \u00e9largi, buissonneux, avec feuilles vert fonc\u00e9 de ov\u00e9es \u00e0 oblongues jusqu\u2019\u00e0 12 cm de longueur. En \u00e9t\u00e9 il produit des fleurs rouge fonc\u00e9.<\/p>\n","protected":false},"featured_media":1242,"template":"","meta":{"_acf_changed":false},"product_brand":[],"product_cat":[8812],"product_tag":[10897],"class_list":{"0":"post-12520","1":"product","2":"type-product","3":"status-publish","4":"has-post-thumbnail","6":"product_cat-arbres-et-arbustes-a-feuilles-caduques","7":"product_tag-naturelle","8":"pa_altezza-massima-200-fr","9":"pa_altezza-massima-300-fr-2","10":"pa_colore-fioritura-rouge","11":"pa_condizionamento-clt-fr","12":"pa_famiglia-calycanthaceae-fr","13":"pa_genere-calycanthus-fr","14":"pa_inquinamento-resistance-a-la-pollution","15":"pa_origine-origine-delle-piante-u-s-a","16":"pa_periodo-fioritura-aout","17":"pa_periodo-fioritura-juillet","18":"pa_periodo-fioritura-juin","19":"pa_portamento-cespuglioso-fr","20":"pa_profumo-intense-fr","21":"pa_resistenza-climatica-tres-elevee","22":"pa_resistenza-del-suolo-resistant-au-sol-humide","23":"pa_resistenza-del-suolo-resistant-aux-sols-calcaires","24":"pa_utilizzo-parcs","25":"pa_utilizzo-petits-jardins","27":"first","28":"instock","29":"purchasable","30":"product-type-simple"},"acf":[],"_links":{"self":[{"href":"https:\/\/innocentiemangonipiante.it\/fr\/wp-json\/wp\/v2\/product\/12520","targetHints":{"allow":["GET"]}}],"collection":[{"href":"https:\/\/innocentiemangonipiante.it\/fr\/wp-json\/wp\/v2\/product"}],"about":[{"href":"https:\/\/innocentiemangonipiante.it\/fr\/wp-json\/wp\/v2\/types\/product"}],"wp:featuredmedia":[{"embeddable":true,"href":"https:\/\/innocentiemangonipiante.it\/fr\/wp-json\/wp\/v2\/media\/1242"}],"wp:attachment":[{"href":"https:\/\/innocentiemangonipiante.it\/fr\/wp-json\/wp\/v2\/media?parent=12520"}],"wp:term":[{"taxonomy":"product_brand","embeddable":true,"href":"https:\/\/innocentiemangonipiante.it\/fr\/wp-json\/wp\/v2\/product_brand?post=12520"},{"taxonomy":"product_cat","embeddable":true,"href":"https:\/\/innocentiemangonipiante.it\/fr\/wp-json\/wp\/v2\/product_cat?post=12520"},{"taxonomy":"product_tag","embeddable":true,"href":"https:\/\/innocentiemangonipiante.it\/fr\/wp-json\/wp\/v2\/product_tag?post=12520"}],"curies":[{"name":"wp","href":"https:\/\/api.w.org\/{rel}","templated":true}]}}