{"id":12526,"date":"2023-11-03T23:55:58","date_gmt":"2023-11-03T22:55:58","guid":{"rendered":"http:\/\/innocentiemangonipiante.it\/camellia-japonica-in-varieta\/"},"modified":"2023-11-06T14:11:21","modified_gmt":"2023-11-06T13:11:21","slug":"camellia-japonica-in-varieta","status":"publish","type":"product","link":"https:\/\/innocentiemangonipiante.it\/fr\/camellia-japonica-in-varieta\/","title":{"rendered":"CAMELLIA japonica in variet\u00e0"},"content":{"rendered":"<p>Genre qui comprend plus de 250 esp\u00e8ces d\u2019arbustes originaires des sols acides de la Chine et du Japon. Les feuilles sont luisantes, allant du vert clair au vert fonc\u00e9, altern\u00e9es, de lanc\u00e9ol\u00e9es \u00e0 elliptiques avec des bords dentel\u00e9s.<\/p>\n","protected":false},"excerpt":{"rendered":"<p>Genre qui comprend plus de 250 esp\u00e8ces d\u2019arbustes originaires des sols acides de la Chine et du Japon. Les feuilles sont luisantes, allant du vert clair au vert fonc\u00e9, altern\u00e9es, de lanc\u00e9ol\u00e9es \u00e0 elliptiques avec des bords dentel\u00e9s.<\/p>\n","protected":false},"featured_media":1260,"template":"","meta":{"_acf_changed":false},"product_brand":[],"product_cat":[8817],"product_tag":[10897],"class_list":{"0":"post-12526","1":"product","2":"type-product","3":"status-publish","4":"has-post-thumbnail","6":"product_cat-arbres-et-arbustes-persistants","7":"product_tag-naturelle","8":"pa_altezza-massima-600-fr","9":"pa_altezza-massima-900-fr","10":"pa_colore-fioritura-rose","11":"pa_famiglia-theaceae-fr","12":"pa_genere-camellia-fr","13":"pa_origine-asie-orientale","14":"pa_periodo-fioritura-avril","15":"pa_periodo-fioritura-fevrier","16":"pa_periodo-fioritura-mai","17":"pa_periodo-fioritura-mars","18":"pa_portamento-cespuglioso-fr","19":"pa_resistenza-climatica-moyenne-elevee","20":"pa_utilizzo-balcons","21":"pa_utilizzo-parcs","22":"pa_utilizzo-petits-jardins","24":"first","25":"instock","26":"purchasable","27":"product-type-simple"},"acf":[],"_links":{"self":[{"href":"https:\/\/innocentiemangonipiante.it\/fr\/wp-json\/wp\/v2\/product\/12526","targetHints":{"allow":["GET"]}}],"collection":[{"href":"https:\/\/innocentiemangonipiante.it\/fr\/wp-json\/wp\/v2\/product"}],"about":[{"href":"https:\/\/innocentiemangonipiante.it\/fr\/wp-json\/wp\/v2\/types\/product"}],"wp:featuredmedia":[{"embeddable":true,"href":"https:\/\/innocentiemangonipiante.it\/fr\/wp-json\/wp\/v2\/media\/1260"}],"wp:attachment":[{"href":"https:\/\/innocentiemangonipiante.it\/fr\/wp-json\/wp\/v2\/media?parent=12526"}],"wp:term":[{"taxonomy":"product_brand","embeddable":true,"href":"https:\/\/innocentiemangonipiante.it\/fr\/wp-json\/wp\/v2\/product_brand?post=12526"},{"taxonomy":"product_cat","embeddable":true,"href":"https:\/\/innocentiemangonipiante.it\/fr\/wp-json\/wp\/v2\/product_cat?post=12526"},{"taxonomy":"product_tag","embeddable":true,"href":"https:\/\/innocentiemangonipiante.it\/fr\/wp-json\/wp\/v2\/product_tag?post=12526"}],"curies":[{"name":"wp","href":"https:\/\/api.w.org\/{rel}","templated":true}]}}