{"id":12529,"date":"2023-11-03T23:57:06","date_gmt":"2023-11-03T22:57:06","guid":{"rendered":"http:\/\/innocentiemangonipiante.it\/camellia-sasanqua-hiryu\/"},"modified":"2023-11-06T14:11:53","modified_gmt":"2023-11-06T13:11:53","slug":"camellia-sasanqua-hiryu","status":"publish","type":"product","link":"https:\/\/innocentiemangonipiante.it\/fr\/camellia-sasanqua-hiryu\/","title":{"rendered":"CAMELLIA sasanqua &lsquo;Hiryu&rsquo;"},"content":{"rendered":"<p>Arbuste persistant avec port \u00e9rig\u00e9 et croissance lente. En automne il porte des fleurs semidoubles de rouge vif \u00e0 rouge rose.<\/p>\n","protected":false},"excerpt":{"rendered":"<p>Arbuste persistant avec port \u00e9rig\u00e9 et croissance lente. En automne il porte des fleurs semidoubles de rouge vif \u00e0 rouge rose.<\/p>\n","protected":false},"featured_media":1284,"template":"","meta":{"_acf_changed":false},"product_brand":[],"product_cat":[8817],"product_tag":[10897,8750,8400],"class_list":{"0":"post-12529","1":"product","2":"type-product","3":"status-publish","4":"has-post-thumbnail","6":"product_cat-arbres-et-arbustes-persistants","7":"product_tag-naturelle","8":"product_tag-espalier-fr","9":"product_tag-tige","10":"pa_altezza-massima-400-fr","11":"pa_altezza-massima-600-fr","12":"pa_colore-fioritura-rouge","13":"pa_condizionamento-clt-fr","14":"pa_condizionamento-motte","15":"pa_famiglia-theaceae-fr","16":"pa_genere-camellia-fr","17":"pa_origine-asie-orientale","18":"pa_periodo-fioritura-decembre","19":"pa_periodo-fioritura-janvier","20":"pa_periodo-fioritura-novembre-fr","21":"pa_portamento-cespuglioso-fr","22":"pa_resistenza-climatica-tres-elevee","23":"pa_utilizzo-parcs","24":"pa_utilizzo-petits-jardins","26":"first","27":"instock","28":"purchasable","29":"product-type-simple"},"acf":[],"_links":{"self":[{"href":"https:\/\/innocentiemangonipiante.it\/fr\/wp-json\/wp\/v2\/product\/12529","targetHints":{"allow":["GET"]}}],"collection":[{"href":"https:\/\/innocentiemangonipiante.it\/fr\/wp-json\/wp\/v2\/product"}],"about":[{"href":"https:\/\/innocentiemangonipiante.it\/fr\/wp-json\/wp\/v2\/types\/product"}],"wp:featuredmedia":[{"embeddable":true,"href":"https:\/\/innocentiemangonipiante.it\/fr\/wp-json\/wp\/v2\/media\/1284"}],"wp:attachment":[{"href":"https:\/\/innocentiemangonipiante.it\/fr\/wp-json\/wp\/v2\/media?parent=12529"}],"wp:term":[{"taxonomy":"product_brand","embeddable":true,"href":"https:\/\/innocentiemangonipiante.it\/fr\/wp-json\/wp\/v2\/product_brand?post=12529"},{"taxonomy":"product_cat","embeddable":true,"href":"https:\/\/innocentiemangonipiante.it\/fr\/wp-json\/wp\/v2\/product_cat?post=12529"},{"taxonomy":"product_tag","embeddable":true,"href":"https:\/\/innocentiemangonipiante.it\/fr\/wp-json\/wp\/v2\/product_tag?post=12529"}],"curies":[{"name":"wp","href":"https:\/\/api.w.org\/{rel}","templated":true}]}}