{"id":12531,"date":"2023-11-03T23:56:24","date_gmt":"2023-11-03T22:56:24","guid":{"rendered":"http:\/\/innocentiemangonipiante.it\/camellia-sasanqua-cleopatra\/"},"modified":"2023-11-06T14:11:30","modified_gmt":"2023-11-06T13:11:30","slug":"camellia-sasanqua-cleopatra","status":"publish","type":"product","link":"https:\/\/innocentiemangonipiante.it\/fr\/camellia-sasanqua-cleopatra\/","title":{"rendered":"CAMELLIA sasanqua &lsquo;Cleopatra&rsquo;"},"content":{"rendered":"<p>Arbuste persistant au port d\u2019\u00e9rig\u00e9 \u00e0 ample. Les feuilles sont elliptiques, d\u2019une longueur de 8 cm, de couleur vert fonc\u00e9 dessus et vert plus clair au-dessous. De la moiti\u00e9 \u00e0 la fin de l\u2019automne, il donne des fleurs parfum\u00e9es de 5-6 cm de diam\u00e8tre.<\/p>\n","protected":false},"excerpt":{"rendered":"<p>Arbuste persistant au port d\u2019\u00e9rig\u00e9 \u00e0 ample. Les feuilles sont elliptiques, d\u2019une longueur de 8 cm, de couleur vert fonc\u00e9 dessus et vert plus clair au-dessous. De la moiti\u00e9 \u00e0 la fin de l\u2019automne, il donne des fleurs parfum\u00e9es de 5-6 cm de diam\u00e8tre.<\/p>\n","protected":false},"featured_media":1272,"template":"","meta":{"_acf_changed":false},"product_brand":[],"product_cat":[8817],"product_tag":[10897,8497,6267,8750,6254,6263,6264,8400],"class_list":{"0":"post-12531","1":"product","2":"type-product","3":"status-publish","4":"has-post-thumbnail","6":"product_cat-arbres-et-arbustes-persistants","7":"product_tag-naturelle","8":"product_tag-cepee-remontee","9":"product_tag-cone","10":"product_tag-espalier-fr","11":"product_tag-macro-bonsai-fr","12":"product_tag-pompons-fr","13":"product_tag-spirale-fr","14":"product_tag-tige","15":"pa_altezza-massima-400-fr","16":"pa_altezza-massima-600-fr","17":"pa_colore-fioritura-rose","18":"pa_condizionamento-bac-d-orangerie","19":"pa_condizionamento-clt-fr","20":"pa_condizionamento-vs-fr","21":"pa_condizionamento-motte","22":"pa_famiglia-theaceae-fr","23":"pa_genere-camellia-fr","24":"pa_origine-origine-delle-piante-u-s-a","25":"pa_periodo-fioritura-decembre","26":"pa_periodo-fioritura-novembre-fr","27":"pa_portamento-cespuglioso-fr","28":"pa_resistenza-climatica-moyenne-elevee","29":"pa_utilizzo-parcs","30":"pa_utilizzo-petits-jardins","32":"first","33":"instock","34":"purchasable","35":"product-type-simple"},"acf":[],"_links":{"self":[{"href":"https:\/\/innocentiemangonipiante.it\/fr\/wp-json\/wp\/v2\/product\/12531","targetHints":{"allow":["GET"]}}],"collection":[{"href":"https:\/\/innocentiemangonipiante.it\/fr\/wp-json\/wp\/v2\/product"}],"about":[{"href":"https:\/\/innocentiemangonipiante.it\/fr\/wp-json\/wp\/v2\/types\/product"}],"wp:featuredmedia":[{"embeddable":true,"href":"https:\/\/innocentiemangonipiante.it\/fr\/wp-json\/wp\/v2\/media\/1272"}],"wp:attachment":[{"href":"https:\/\/innocentiemangonipiante.it\/fr\/wp-json\/wp\/v2\/media?parent=12531"}],"wp:term":[{"taxonomy":"product_brand","embeddable":true,"href":"https:\/\/innocentiemangonipiante.it\/fr\/wp-json\/wp\/v2\/product_brand?post=12531"},{"taxonomy":"product_cat","embeddable":true,"href":"https:\/\/innocentiemangonipiante.it\/fr\/wp-json\/wp\/v2\/product_cat?post=12531"},{"taxonomy":"product_tag","embeddable":true,"href":"https:\/\/innocentiemangonipiante.it\/fr\/wp-json\/wp\/v2\/product_tag?post=12531"}],"curies":[{"name":"wp","href":"https:\/\/api.w.org\/{rel}","templated":true}]}}