{"id":12532,"date":"2023-11-03T23:51:54","date_gmt":"2023-11-03T22:51:54","guid":{"rendered":"http:\/\/innocentiemangonipiante.it\/camellia-japonica-curly-lady\/"},"modified":"2023-11-06T14:09:09","modified_gmt":"2023-11-06T13:09:09","slug":"camellia-japonica-curly-lady","status":"publish","type":"product","link":"https:\/\/innocentiemangonipiante.it\/fr\/camellia-japonica-curly-lady\/","title":{"rendered":"CAMELLIA japonica &lsquo;Curly Lady&rsquo; \u00ae"},"content":{"rendered":"<p>Tr\u00e8s originale vari\u00e9t\u00e9 gr\u00e2ce \u00e0 ses ramifications lat\u00e9rales tortueuses. Grande fleur rouge semi double. Feuilles luisantes vert fonc\u00e9.<\/p>\n","protected":false},"excerpt":{"rendered":"<p>Tr\u00e8s originale vari\u00e9t\u00e9 gr\u00e2ce \u00e0 ses ramifications lat\u00e9rales tortueuses. Grande fleur rouge semi double. Feuilles luisantes vert fonc\u00e9.<\/p>\n","protected":false},"featured_media":1254,"template":"","meta":{"_acf_changed":false},"product_brand":[],"product_cat":[8817],"product_tag":[10897],"class_list":{"0":"post-12532","1":"product","2":"type-product","3":"status-publish","4":"has-post-thumbnail","6":"product_cat-arbres-et-arbustes-persistants","7":"product_tag-naturelle","8":"pa_altezza-massima-150-fr","9":"pa_altezza-massima-200-fr","10":"pa_colore-fioritura-rouge","11":"pa_famiglia-theaceae-fr","12":"pa_genere-camellia-fr","13":"pa_origine-hollande","14":"pa_periodo-fioritura-avril","15":"pa_periodo-fioritura-fevrier","16":"pa_periodo-fioritura-mars","17":"pa_portamento-cespuglioso-fr","18":"pa_resistenza-climatica-moyenne-elevee","19":"pa_utilizzo-parcs","20":"pa_utilizzo-petits-jardins","22":"first","23":"instock","24":"purchasable","25":"product-type-simple"},"acf":[],"_links":{"self":[{"href":"https:\/\/innocentiemangonipiante.it\/fr\/wp-json\/wp\/v2\/product\/12532","targetHints":{"allow":["GET"]}}],"collection":[{"href":"https:\/\/innocentiemangonipiante.it\/fr\/wp-json\/wp\/v2\/product"}],"about":[{"href":"https:\/\/innocentiemangonipiante.it\/fr\/wp-json\/wp\/v2\/types\/product"}],"wp:featuredmedia":[{"embeddable":true,"href":"https:\/\/innocentiemangonipiante.it\/fr\/wp-json\/wp\/v2\/media\/1254"}],"wp:attachment":[{"href":"https:\/\/innocentiemangonipiante.it\/fr\/wp-json\/wp\/v2\/media?parent=12532"}],"wp:term":[{"taxonomy":"product_brand","embeddable":true,"href":"https:\/\/innocentiemangonipiante.it\/fr\/wp-json\/wp\/v2\/product_brand?post=12532"},{"taxonomy":"product_cat","embeddable":true,"href":"https:\/\/innocentiemangonipiante.it\/fr\/wp-json\/wp\/v2\/product_cat?post=12532"},{"taxonomy":"product_tag","embeddable":true,"href":"https:\/\/innocentiemangonipiante.it\/fr\/wp-json\/wp\/v2\/product_tag?post=12532"}],"curies":[{"name":"wp","href":"https:\/\/api.w.org\/{rel}","templated":true}]}}