{"id":12533,"date":"2023-11-03T23:58:58","date_gmt":"2023-11-03T22:58:58","guid":{"rendered":"http:\/\/innocentiemangonipiante.it\/campsis-x-tagliabuana-summer-jazz-sunrise-gold\/"},"modified":"2023-11-06T14:13:06","modified_gmt":"2023-11-06T13:13:06","slug":"campsis-x-tagliabuana-summer-jazz-sunrise-gold","status":"publish","type":"product","link":"https:\/\/innocentiemangonipiante.it\/fr\/campsis-x-tagliabuana-summer-jazz-sunrise-gold\/","title":{"rendered":"CAMPSIS x tagliabuana &lsquo;Summer Jazz Sunrise Gold&rsquo; \u00ae"},"content":{"rendered":"<p>Fleurs qui vont de l&rsquo;orange-p\u00eache au jaune apparaissent du d\u00e9but \u00e9t\u00e9 jusqu&rsquo;au d\u00e9but automne.<\/p>\n","protected":false},"excerpt":{"rendered":"<p>Fleurs qui vont de l&rsquo;orange-p\u00eache au jaune apparaissent du d\u00e9but \u00e9t\u00e9 jusqu&rsquo;au d\u00e9but automne.<\/p>\n","protected":false},"featured_media":1357,"template":"","meta":{"_acf_changed":false},"product_brand":[],"product_cat":[8836,9230],"product_tag":[10897,6255],"class_list":{"0":"post-12533","1":"product","2":"type-product","3":"status-publish","4":"has-post-thumbnail","6":"product_cat-lianes","7":"product_cat-arbres-et-plantes-du-futur","8":"product_tag-naturelle","9":"product_tag-demi-tige","10":"pa_altezza-massima-200-fr","11":"pa_altezza-massima-300-fr-2","12":"pa_colore-fioritura-orange-fr","13":"pa_condizionamento-clt-fr","14":"pa_famiglia-bignoniaceae-fr","15":"pa_genere-campsis-fr","16":"pa_origine-japon","17":"pa_periodo-fioritura-aout","18":"pa_periodo-fioritura-juillet","19":"pa_periodo-fioritura-juin","20":"pa_periodo-fioritura-septembre","21":"pa_portamento-liane","22":"pa_resistenza-climatica-moyenne","23":"pa_resistenza-del-suolo-resistant-aux-sols-secs","24":"pa_salinita-resistance-a-la-salinisation","25":"pa_utilizzo-parcs","26":"pa_utilizzo-petits-jardins","28":"first","29":"instock","30":"purchasable","31":"product-type-simple"},"acf":[],"_links":{"self":[{"href":"https:\/\/innocentiemangonipiante.it\/fr\/wp-json\/wp\/v2\/product\/12533","targetHints":{"allow":["GET"]}}],"collection":[{"href":"https:\/\/innocentiemangonipiante.it\/fr\/wp-json\/wp\/v2\/product"}],"about":[{"href":"https:\/\/innocentiemangonipiante.it\/fr\/wp-json\/wp\/v2\/types\/product"}],"wp:featuredmedia":[{"embeddable":true,"href":"https:\/\/innocentiemangonipiante.it\/fr\/wp-json\/wp\/v2\/media\/1357"}],"wp:attachment":[{"href":"https:\/\/innocentiemangonipiante.it\/fr\/wp-json\/wp\/v2\/media?parent=12533"}],"wp:term":[{"taxonomy":"product_brand","embeddable":true,"href":"https:\/\/innocentiemangonipiante.it\/fr\/wp-json\/wp\/v2\/product_brand?post=12533"},{"taxonomy":"product_cat","embeddable":true,"href":"https:\/\/innocentiemangonipiante.it\/fr\/wp-json\/wp\/v2\/product_cat?post=12533"},{"taxonomy":"product_tag","embeddable":true,"href":"https:\/\/innocentiemangonipiante.it\/fr\/wp-json\/wp\/v2\/product_tag?post=12533"}],"curies":[{"name":"wp","href":"https:\/\/api.w.org\/{rel}","templated":true}]}}