{"id":12538,"date":"2023-11-03T23:59:46","date_gmt":"2023-11-03T22:59:46","guid":{"rendered":"http:\/\/innocentiemangonipiante.it\/capparis-spinosa-inermis\/"},"modified":"2023-11-06T14:13:22","modified_gmt":"2023-11-06T13:13:22","slug":"capparis-spinosa-inermis","status":"publish","type":"product","link":"https:\/\/innocentiemangonipiante.it\/fr\/capparis-spinosa-inermis\/","title":{"rendered":"CAPPARIS spinosa &lsquo;Inermis&rsquo;"},"content":{"rendered":"<p>Petit arbuste persistant aux feuilles arrondies de couleur vert fonc\u00e9. Au printemps, fleurissent de petites fleurs \u00e0 quatre p\u00e9tales. Avant qu\u2019ils s\u2019ouvrent les bourgeons sont comestibles.<\/p>\n","protected":false},"excerpt":{"rendered":"<p>Petit arbuste persistant aux feuilles arrondies de couleur vert fonc\u00e9. Au printemps, fleurissent de petites fleurs \u00e0 quatre p\u00e9tales. Avant qu\u2019ils s\u2019ouvrent les bourgeons sont comestibles.<\/p>\n","protected":false},"featured_media":1363,"template":"","meta":{"_acf_changed":false},"product_brand":[],"product_cat":[8817],"product_tag":[10897],"class_list":{"0":"post-12538","1":"product","2":"type-product","3":"status-publish","4":"has-post-thumbnail","6":"product_cat-arbres-et-arbustes-persistants","7":"product_tag-naturelle","8":"pa_altezza-massima-100-fr","9":"pa_altezza-massima-150-fr","10":"pa_colore-fioritura-blanc","11":"pa_condizionamento-clt-fr","12":"pa_condizionamento-vs-fr","13":"pa_famiglia-capparidaceae-fr","14":"pa_genere-capparis-fr","15":"pa_origine-europe-mediterraneenne","16":"pa_periodo-fioritura-aout","17":"pa_periodo-fioritura-juillet","18":"pa_periodo-fioritura-juin","19":"pa_periodo-fioritura-mai","20":"pa_periodo-fioritura-septembre","21":"pa_periodo-fruttificazione-aout","22":"pa_periodo-fruttificazione-juillet","23":"pa_periodo-fruttificazione-juin","24":"pa_periodo-fruttificazione-mai","25":"pa_periodo-fruttificazione-septembre","26":"pa_portamento-arcuato-fr","27":"pa_resistenza-climatica-moyenne-elevee","28":"pa_resistenza-del-suolo-resistant-aux-sols-calcaires","29":"pa_resistenza-del-suolo-resistant-aux-sols-secs","30":"pa_utilizzo-parcs","31":"pa_utilizzo-petits-jardins","33":"first","34":"instock","35":"purchasable","36":"product-type-simple"},"acf":[],"_links":{"self":[{"href":"https:\/\/innocentiemangonipiante.it\/fr\/wp-json\/wp\/v2\/product\/12538","targetHints":{"allow":["GET"]}}],"collection":[{"href":"https:\/\/innocentiemangonipiante.it\/fr\/wp-json\/wp\/v2\/product"}],"about":[{"href":"https:\/\/innocentiemangonipiante.it\/fr\/wp-json\/wp\/v2\/types\/product"}],"wp:featuredmedia":[{"embeddable":true,"href":"https:\/\/innocentiemangonipiante.it\/fr\/wp-json\/wp\/v2\/media\/1363"}],"wp:attachment":[{"href":"https:\/\/innocentiemangonipiante.it\/fr\/wp-json\/wp\/v2\/media?parent=12538"}],"wp:term":[{"taxonomy":"product_brand","embeddable":true,"href":"https:\/\/innocentiemangonipiante.it\/fr\/wp-json\/wp\/v2\/product_brand?post=12538"},{"taxonomy":"product_cat","embeddable":true,"href":"https:\/\/innocentiemangonipiante.it\/fr\/wp-json\/wp\/v2\/product_cat?post=12538"},{"taxonomy":"product_tag","embeddable":true,"href":"https:\/\/innocentiemangonipiante.it\/fr\/wp-json\/wp\/v2\/product_tag?post=12538"}],"curies":[{"name":"wp","href":"https:\/\/api.w.org\/{rel}","templated":true}]}}