{"id":12539,"date":"2023-11-04T00:02:05","date_gmt":"2023-11-03T23:02:05","guid":{"rendered":"http:\/\/innocentiemangonipiante.it\/carpinus-betulus-monumentalis\/"},"modified":"2023-11-06T14:14:21","modified_gmt":"2023-11-06T13:14:21","slug":"carpinus-betulus-monumentalis","status":"publish","type":"product","link":"https:\/\/innocentiemangonipiante.it\/fr\/carpinus-betulus-monumentalis\/","title":{"rendered":"CARPINUS betulus &lsquo;Monumentalis&rsquo;"},"content":{"rendered":"<p>Arbre \u00e0 feuilles caduques de forme colonnaire au port compact et \u00e0 la croissance tr\u00e8s lente (10-15 cm par an). Feuillage de couleur verte qui vire au jaune en automne.<\/p>\n","protected":false},"excerpt":{"rendered":"<p>Arbre \u00e0 feuilles caduques de forme colonnaire au port compact et \u00e0 la croissance tr\u00e8s lente (10-15 cm par an). Feuillage de couleur verte qui vire au jaune en automne.<\/p>\n","protected":false},"featured_media":21158,"template":"","meta":{"_acf_changed":false},"product_brand":[],"product_cat":[8812],"product_tag":[10897],"class_list":{"0":"post-12539","1":"product","2":"type-product","3":"status-publish","4":"has-post-thumbnail","6":"product_cat-arbres-et-arbustes-a-feuilles-caduques","7":"product_tag-naturelle","8":"pa_altezza-massima-300-fr-2","9":"pa_altezza-massima-500-fr","10":"pa_famiglia-carpinaceae-fr","11":"pa_genere-carpinus-fr","12":"pa_inquinamento-resistance-a-la-pollution","13":"pa_origine-sud-de-leurope-fr","14":"pa_portamento-de-colonne","15":"pa_resistenza-climatica-tres-elevee","16":"pa_resistenza-del-suolo-resistant-aux-sols-calcaires","17":"pa_salinita-resistance-a-la-salinisation","18":"pa_utilizzo-avenues-fr","20":"first","21":"instock","22":"purchasable","23":"product-type-simple"},"acf":[],"_links":{"self":[{"href":"https:\/\/innocentiemangonipiante.it\/fr\/wp-json\/wp\/v2\/product\/12539","targetHints":{"allow":["GET"]}}],"collection":[{"href":"https:\/\/innocentiemangonipiante.it\/fr\/wp-json\/wp\/v2\/product"}],"about":[{"href":"https:\/\/innocentiemangonipiante.it\/fr\/wp-json\/wp\/v2\/types\/product"}],"wp:featuredmedia":[{"embeddable":true,"href":"https:\/\/innocentiemangonipiante.it\/fr\/wp-json\/wp\/v2\/media\/21158"}],"wp:attachment":[{"href":"https:\/\/innocentiemangonipiante.it\/fr\/wp-json\/wp\/v2\/media?parent=12539"}],"wp:term":[{"taxonomy":"product_brand","embeddable":true,"href":"https:\/\/innocentiemangonipiante.it\/fr\/wp-json\/wp\/v2\/product_brand?post=12539"},{"taxonomy":"product_cat","embeddable":true,"href":"https:\/\/innocentiemangonipiante.it\/fr\/wp-json\/wp\/v2\/product_cat?post=12539"},{"taxonomy":"product_tag","embeddable":true,"href":"https:\/\/innocentiemangonipiante.it\/fr\/wp-json\/wp\/v2\/product_tag?post=12539"}],"curies":[{"name":"wp","href":"https:\/\/api.w.org\/{rel}","templated":true}]}}