{"id":12540,"date":"2023-11-04T00:01:57","date_gmt":"2023-11-03T23:01:57","guid":{"rendered":"http:\/\/innocentiemangonipiante.it\/carpinus-betulus-lucas\/"},"modified":"2023-11-06T14:14:19","modified_gmt":"2023-11-06T13:14:19","slug":"carpinus-betulus-lucas","status":"publish","type":"product","link":"https:\/\/innocentiemangonipiante.it\/fr\/carpinus-betulus-lucas\/","title":{"rendered":"CARPINUS betulus &lsquo;Lucas&rsquo;"},"content":{"rendered":"<p>Il garde un port \u00e9rig\u00e9 beaucoup plus \u00e9troit que le C. b. \u2018Fastigiata\u2019. Il maintient la feuille s\u00e8che en hiver. C\u2019est une s\u00e9lection rustique, tr\u00e8s adaptable \u00e0 la majorit\u00e9 des terrains, presque immune au maladies plus importantes et supporte tr\u00e8s bien la taille et les transplantations.<\/p>\n","protected":false},"excerpt":{"rendered":"<p>Il garde un port \u00e9rig\u00e9 beaucoup plus \u00e9troit que le C. b. \u2018Fastigiata\u2019. Il maintient la feuille s\u00e8che en hiver. C\u2019est une s\u00e9lection rustique, tr\u00e8s adaptable \u00e0 la majorit\u00e9 des terrains, presque immune au maladies plus importantes et supporte tr\u00e8s bien la taille et les transplantations.<\/p>\n","protected":false},"featured_media":1393,"template":"","meta":{"_acf_changed":false},"product_brand":[],"product_cat":[8812,9230],"product_tag":[10897,9170,8095,6264,10900,8400],"class_list":{"0":"post-12540","1":"product","2":"type-product","3":"status-publish","4":"has-post-thumbnail","6":"product_cat-arbres-et-arbustes-a-feuilles-caduques","7":"product_cat-arbres-et-plantes-du-futur","8":"product_tag-naturelle","9":"product_tag-parallelepipede","10":"product_tag-pyramide","11":"product_tag-spirale-fr","12":"product_tag-tbb-fr-2","13":"product_tag-tige","14":"pa_altezza-massima-1000-fr-2","15":"pa_altezza-massima-15-metres","16":"pa_condizionamento-clt-fr","17":"pa_condizionamento-motte","18":"pa_famiglia-carpinaceae-fr","19":"pa_genere-carpinus-fr","20":"pa_inquinamento-resistance-a-la-pollution","21":"pa_origine-hollande","22":"pa_portamento-conico-fr","23":"pa_resistenza-climatica-tres-elevee","24":"pa_resistenza-del-suolo-resistant-aux-sols-calcaires","25":"pa_salinita-resistance-a-la-salinisation","26":"pa_utilizzo-avenues-fr","27":"pa_utilizzo-parcs","29":"first","30":"instock","31":"purchasable","32":"product-type-simple"},"acf":[],"_links":{"self":[{"href":"https:\/\/innocentiemangonipiante.it\/fr\/wp-json\/wp\/v2\/product\/12540","targetHints":{"allow":["GET"]}}],"collection":[{"href":"https:\/\/innocentiemangonipiante.it\/fr\/wp-json\/wp\/v2\/product"}],"about":[{"href":"https:\/\/innocentiemangonipiante.it\/fr\/wp-json\/wp\/v2\/types\/product"}],"wp:featuredmedia":[{"embeddable":true,"href":"https:\/\/innocentiemangonipiante.it\/fr\/wp-json\/wp\/v2\/media\/1393"}],"wp:attachment":[{"href":"https:\/\/innocentiemangonipiante.it\/fr\/wp-json\/wp\/v2\/media?parent=12540"}],"wp:term":[{"taxonomy":"product_brand","embeddable":true,"href":"https:\/\/innocentiemangonipiante.it\/fr\/wp-json\/wp\/v2\/product_brand?post=12540"},{"taxonomy":"product_cat","embeddable":true,"href":"https:\/\/innocentiemangonipiante.it\/fr\/wp-json\/wp\/v2\/product_cat?post=12540"},{"taxonomy":"product_tag","embeddable":true,"href":"https:\/\/innocentiemangonipiante.it\/fr\/wp-json\/wp\/v2\/product_tag?post=12540"}],"curies":[{"name":"wp","href":"https:\/\/api.w.org\/{rel}","templated":true}]}}