{"id":12541,"date":"2023-11-04T00:01:41","date_gmt":"2023-11-03T23:01:41","guid":{"rendered":"http:\/\/innocentiemangonipiante.it\/carpinus-betulus-frans-fontaine\/"},"modified":"2023-11-06T14:14:10","modified_gmt":"2023-11-06T13:14:10","slug":"carpinus-betulus-frans-fontaine","status":"publish","type":"product","link":"https:\/\/innocentiemangonipiante.it\/fr\/carpinus-betulus-frans-fontaine\/","title":{"rendered":"CARPINUS betulus &lsquo;Frans Fontaine&rsquo;"},"content":{"rendered":"<p>Similaire au \u2018Fastigiata\u2019 mais plus \u00e9troite \u00e0 maturit\u00e9.<\/p>\n","protected":false},"excerpt":{"rendered":"<p>Similaire au \u2018Fastigiata\u2019 mais plus \u00e9troite \u00e0 maturit\u00e9.<\/p>\n","protected":false},"featured_media":1387,"template":"","meta":{"_acf_changed":false},"product_brand":[],"product_cat":[8812],"product_tag":[10897,9170,8095,6264,10900,8400],"class_list":{"0":"post-12541","1":"product","2":"type-product","3":"status-publish","4":"has-post-thumbnail","6":"product_cat-arbres-et-arbustes-a-feuilles-caduques","7":"product_tag-naturelle","8":"product_tag-parallelepipede","9":"product_tag-pyramide","10":"product_tag-spirale-fr","11":"product_tag-tbb-fr-2","12":"product_tag-tige","13":"pa_altezza-massima-1000-fr-2","14":"pa_altezza-massima-15-metres","15":"pa_condizionamento-clt-fr","16":"pa_condizionamento-motte","17":"pa_famiglia-carpinaceae-fr","18":"pa_genere-carpinus-fr","19":"pa_inquinamento-resistance-a-la-pollution","20":"pa_origine-hollande","21":"pa_portamento-conico-fr","22":"pa_resistenza-climatica-tres-elevee","23":"pa_resistenza-del-suolo-resistant-aux-sols-calcaires","24":"pa_salinita-resistance-a-la-salinisation","25":"pa_utilizzo-avenues-fr","27":"first","28":"instock","29":"purchasable","30":"product-type-simple"},"acf":[],"_links":{"self":[{"href":"https:\/\/innocentiemangonipiante.it\/fr\/wp-json\/wp\/v2\/product\/12541","targetHints":{"allow":["GET"]}}],"collection":[{"href":"https:\/\/innocentiemangonipiante.it\/fr\/wp-json\/wp\/v2\/product"}],"about":[{"href":"https:\/\/innocentiemangonipiante.it\/fr\/wp-json\/wp\/v2\/types\/product"}],"wp:featuredmedia":[{"embeddable":true,"href":"https:\/\/innocentiemangonipiante.it\/fr\/wp-json\/wp\/v2\/media\/1387"}],"wp:attachment":[{"href":"https:\/\/innocentiemangonipiante.it\/fr\/wp-json\/wp\/v2\/media?parent=12541"}],"wp:term":[{"taxonomy":"product_brand","embeddable":true,"href":"https:\/\/innocentiemangonipiante.it\/fr\/wp-json\/wp\/v2\/product_brand?post=12541"},{"taxonomy":"product_cat","embeddable":true,"href":"https:\/\/innocentiemangonipiante.it\/fr\/wp-json\/wp\/v2\/product_cat?post=12541"},{"taxonomy":"product_tag","embeddable":true,"href":"https:\/\/innocentiemangonipiante.it\/fr\/wp-json\/wp\/v2\/product_tag?post=12541"}],"curies":[{"name":"wp","href":"https:\/\/api.w.org\/{rel}","templated":true}]}}