{"id":12542,"date":"2023-11-04T00:01:33","date_gmt":"2023-11-03T23:01:33","guid":{"rendered":"http:\/\/innocentiemangonipiante.it\/carpinus-betulus-fastigiata\/"},"modified":"2023-11-06T14:14:06","modified_gmt":"2023-11-06T13:14:06","slug":"carpinus-betulus-fastigiata","status":"publish","type":"product","link":"https:\/\/innocentiemangonipiante.it\/fr\/carpinus-betulus-fastigiata\/","title":{"rendered":"CARPINUS betulus &lsquo;Fastigiata&rsquo;"},"content":{"rendered":"<p>\u2018\u2018Charme pyramidal\u201d. Arbre \u00e0 feuilles caduques au port conique et r\u00e9gulier. Les feuilles, altern\u00e9es, de forme ovo\u00efdale \u00e0 elliptique, sont d\u2019une longueur de 7 \u00e0 10 cm, vert clair en \u00e9t\u00e9 et virent au jaune lumineux en automne. Tr\u00e8s rustique, c\u2019est une vari\u00e9t\u00e9 fortement indiqu\u00e9e pour les all\u00e9es gr\u00e2ce \u00e0 sa forme pyramidale particuli\u00e8re.<\/p>\n","protected":false},"excerpt":{"rendered":"<p>\u2018\u2018Charme pyramidal\u201d. Arbre \u00e0 feuilles caduques au port conique et r\u00e9gulier. Les feuilles, altern\u00e9es, de forme ovo\u00efdale \u00e0 elliptique, sont d\u2019une longueur de 7 \u00e0 10 cm, vert clair en \u00e9t\u00e9 et virent au jaune lumineux en automne. Tr\u00e8s rustique, c\u2019est une vari\u00e9t\u00e9 fortement indiqu\u00e9e pour les all\u00e9es gr\u00e2ce \u00e0 sa forme pyramidale particuli\u00e8re.<\/p>\n","protected":false},"featured_media":1381,"template":"","meta":{"_acf_changed":false},"product_brand":[],"product_cat":[8812,9230],"product_tag":[10897,9170,8095,6264,10900,8400],"class_list":{"0":"post-12542","1":"product","2":"type-product","3":"status-publish","4":"has-post-thumbnail","6":"product_cat-arbres-et-arbustes-a-feuilles-caduques","7":"product_cat-arbres-et-plantes-du-futur","8":"product_tag-naturelle","9":"product_tag-parallelepipede","10":"product_tag-pyramide","11":"product_tag-spirale-fr","12":"product_tag-tbb-fr-2","13":"product_tag-tige","14":"pa_altezza-massima-15-metres","15":"pa_altezza-massima-20-metres","16":"pa_condizionamento-clt-fr","17":"pa_condizionamento-motte","18":"pa_famiglia-carpinaceae-fr","19":"pa_genere-carpinus-fr","20":"pa_inquinamento-resistance-a-la-pollution","21":"pa_origine-sud-de-leurope-fr","22":"pa_portamento-piramidale-fr","23":"pa_resistenza-climatica-tres-elevee","24":"pa_resistenza-del-suolo-resistant-aux-sols-calcaires","25":"pa_salinita-resistance-a-la-salinisation","26":"pa_utilizzo-avenues-fr","28":"first","29":"instock","30":"purchasable","31":"product-type-simple"},"acf":[],"_links":{"self":[{"href":"https:\/\/innocentiemangonipiante.it\/fr\/wp-json\/wp\/v2\/product\/12542","targetHints":{"allow":["GET"]}}],"collection":[{"href":"https:\/\/innocentiemangonipiante.it\/fr\/wp-json\/wp\/v2\/product"}],"about":[{"href":"https:\/\/innocentiemangonipiante.it\/fr\/wp-json\/wp\/v2\/types\/product"}],"wp:featuredmedia":[{"embeddable":true,"href":"https:\/\/innocentiemangonipiante.it\/fr\/wp-json\/wp\/v2\/media\/1381"}],"wp:attachment":[{"href":"https:\/\/innocentiemangonipiante.it\/fr\/wp-json\/wp\/v2\/media?parent=12542"}],"wp:term":[{"taxonomy":"product_brand","embeddable":true,"href":"https:\/\/innocentiemangonipiante.it\/fr\/wp-json\/wp\/v2\/product_brand?post=12542"},{"taxonomy":"product_cat","embeddable":true,"href":"https:\/\/innocentiemangonipiante.it\/fr\/wp-json\/wp\/v2\/product_cat?post=12542"},{"taxonomy":"product_tag","embeddable":true,"href":"https:\/\/innocentiemangonipiante.it\/fr\/wp-json\/wp\/v2\/product_tag?post=12542"}],"curies":[{"name":"wp","href":"https:\/\/api.w.org\/{rel}","templated":true}]}}