{"id":12543,"date":"2023-11-04T00:01:21","date_gmt":"2023-11-03T23:01:21","guid":{"rendered":"http:\/\/innocentiemangonipiante.it\/carpinus-betulus-albert-beckman\/"},"modified":"2023-11-06T14:13:56","modified_gmt":"2023-11-06T13:13:56","slug":"carpinus-betulus-albert-beckman","status":"publish","type":"product","link":"https:\/\/innocentiemangonipiante.it\/fr\/carpinus-betulus-albert-beckman\/","title":{"rendered":"CARPINUS betulus &lsquo;Albert Beckman&rsquo;"},"content":{"rendered":"<p>Arbre caduc avec port pyramidale. Les feuilles de couleur vert fonc\u00e9, de 10-12 cm de longueur, sont \u00e9paisses, coriaces, ondul\u00e9es aux bords et virent au jaune dor\u00e9 en automne.<\/p>\n","protected":false},"excerpt":{"rendered":"<p>Arbre caduc avec port pyramidale. Les feuilles de couleur vert fonc\u00e9, de 10-12 cm de longueur, sont \u00e9paisses, coriaces, ondul\u00e9es aux bords et virent au jaune dor\u00e9 en automne.<\/p>\n","protected":false},"featured_media":1375,"template":"","meta":{"_acf_changed":false},"product_brand":[],"product_cat":[8812],"product_tag":[10897],"class_list":{"0":"post-12543","1":"product","2":"type-product","3":"status-publish","4":"has-post-thumbnail","6":"product_cat-arbres-et-arbustes-a-feuilles-caduques","7":"product_tag-naturelle","8":"pa_altezza-massima-1000-fr-2","9":"pa_altezza-massima-15-metres","10":"pa_famiglia-carpinaceae-fr","11":"pa_genere-carpinus-fr","12":"pa_inquinamento-resistance-a-la-pollution","13":"pa_origine-europe-fr","14":"pa_portamento-piramidale-fr","15":"pa_resistenza-climatica-tres-elevee","16":"pa_resistenza-del-suolo-resistant-aux-sols-calcaires","17":"pa_salinita-resistance-a-la-salinisation","18":"pa_utilizzo-parcs","20":"first","21":"instock","22":"purchasable","23":"product-type-simple"},"acf":[],"_links":{"self":[{"href":"https:\/\/innocentiemangonipiante.it\/fr\/wp-json\/wp\/v2\/product\/12543","targetHints":{"allow":["GET"]}}],"collection":[{"href":"https:\/\/innocentiemangonipiante.it\/fr\/wp-json\/wp\/v2\/product"}],"about":[{"href":"https:\/\/innocentiemangonipiante.it\/fr\/wp-json\/wp\/v2\/types\/product"}],"wp:featuredmedia":[{"embeddable":true,"href":"https:\/\/innocentiemangonipiante.it\/fr\/wp-json\/wp\/v2\/media\/1375"}],"wp:attachment":[{"href":"https:\/\/innocentiemangonipiante.it\/fr\/wp-json\/wp\/v2\/media?parent=12543"}],"wp:term":[{"taxonomy":"product_brand","embeddable":true,"href":"https:\/\/innocentiemangonipiante.it\/fr\/wp-json\/wp\/v2\/product_brand?post=12543"},{"taxonomy":"product_cat","embeddable":true,"href":"https:\/\/innocentiemangonipiante.it\/fr\/wp-json\/wp\/v2\/product_cat?post=12543"},{"taxonomy":"product_tag","embeddable":true,"href":"https:\/\/innocentiemangonipiante.it\/fr\/wp-json\/wp\/v2\/product_tag?post=12543"}],"curies":[{"name":"wp","href":"https:\/\/api.w.org\/{rel}","templated":true}]}}