{"id":12544,"date":"2023-11-04T00:01:13","date_gmt":"2023-11-03T23:01:13","guid":{"rendered":"http:\/\/innocentiemangonipiante.it\/carpinus-betulus\/"},"modified":"2023-11-06T14:13:51","modified_gmt":"2023-11-06T13:13:51","slug":"carpinus-betulus","status":"publish","type":"product","link":"https:\/\/innocentiemangonipiante.it\/fr\/carpinus-betulus\/","title":{"rendered":"CARPINUS betulus"},"content":{"rendered":"<p>\u2018\u2018Charme commun\u201d. Arbre \u00e0 feuilles caduques au port arrondi et irr\u00e9gulier. L\u2019\u00e9corce est grise et lisse. Les feuilles ov\u00e9es, dentel\u00e9es, d\u2019une longueur de 7 \u00e0 12 cm sont de couleur verte et passent au jaune-orange en automne. Bonne rusticit\u00e9. Tr\u00e8s r\u00e9sistant au vent et \u00e0 l\u2019humidit\u00e9. Supporte bien l\u2019\u00e9lagage. Tr\u00e8s bonne r\u00e9ponse \u00e0 la transplantation.<\/p>\n","protected":false},"excerpt":{"rendered":"<p>\u2018\u2018Charme commun\u201d. Arbre \u00e0 feuilles caduques au port arrondi et irr\u00e9gulier. L\u2019\u00e9corce est grise et lisse. Les feuilles ov\u00e9es, dentel\u00e9es, d\u2019une longueur de 7 \u00e0 12 cm sont de couleur verte et passent au jaune-orange en automne. Bonne rusticit\u00e9. Tr\u00e8s r\u00e9sistant au vent et \u00e0 l\u2019humidit\u00e9. Supporte bien l\u2019\u00e9lagage. Tr\u00e8s bonne r\u00e9ponse \u00e0 la transplantation.<\/p>\n","protected":false},"featured_media":1369,"template":"","meta":{"_acf_changed":false},"product_brand":[],"product_cat":[8812],"product_tag":[10897,8452,6252,8596,8580,8750,6264,10900,8400,8412,8424],"class_list":{"0":"post-12544","1":"product","2":"type-product","3":"status-publish","4":"has-post-thumbnail","6":"product_cat-arbres-et-arbustes-a-feuilles-caduques","7":"product_tag-naturelle","8":"product_tag-arche","9":"product_tag-bonsai-fr","10":"product_tag-cepee","11":"product_tag-demi-tige-espalier","12":"product_tag-espalier-fr","13":"product_tag-spirale-fr","14":"product_tag-tbb-fr-2","15":"product_tag-tige","16":"product_tag-tige-cube","17":"product_tag-tige-espalier","18":"pa_altezza-massima-15-metres","19":"pa_altezza-massima-25-metres","20":"pa_condizionamento-clt-fr","21":"pa_condizionamento-vs-fr","22":"pa_condizionamento-motte","23":"pa_famiglia-carpinaceae-fr","24":"pa_genere-carpinus-fr","25":"pa_inquinamento-resistance-a-la-pollution","26":"pa_origine-moyen-orient","27":"pa_portamento-arrondi","28":"pa_resistenza-climatica-tres-elevee","29":"pa_resistenza-del-suolo-resistant-aux-sols-calcaires","30":"pa_salinita-resistance-a-la-salinisation","31":"pa_utilizzo-avenues-fr","32":"pa_utilizzo-parcs","34":"first","35":"instock","36":"purchasable","37":"product-type-simple"},"acf":[],"_links":{"self":[{"href":"https:\/\/innocentiemangonipiante.it\/fr\/wp-json\/wp\/v2\/product\/12544","targetHints":{"allow":["GET"]}}],"collection":[{"href":"https:\/\/innocentiemangonipiante.it\/fr\/wp-json\/wp\/v2\/product"}],"about":[{"href":"https:\/\/innocentiemangonipiante.it\/fr\/wp-json\/wp\/v2\/types\/product"}],"wp:featuredmedia":[{"embeddable":true,"href":"https:\/\/innocentiemangonipiante.it\/fr\/wp-json\/wp\/v2\/media\/1369"}],"wp:attachment":[{"href":"https:\/\/innocentiemangonipiante.it\/fr\/wp-json\/wp\/v2\/media?parent=12544"}],"wp:term":[{"taxonomy":"product_brand","embeddable":true,"href":"https:\/\/innocentiemangonipiante.it\/fr\/wp-json\/wp\/v2\/product_brand?post=12544"},{"taxonomy":"product_cat","embeddable":true,"href":"https:\/\/innocentiemangonipiante.it\/fr\/wp-json\/wp\/v2\/product_cat?post=12544"},{"taxonomy":"product_tag","embeddable":true,"href":"https:\/\/innocentiemangonipiante.it\/fr\/wp-json\/wp\/v2\/product_tag?post=12544"}],"curies":[{"name":"wp","href":"https:\/\/api.w.org\/{rel}","templated":true}]}}