{"id":12546,"date":"2023-11-04T00:02:38","date_gmt":"2023-11-03T23:02:38","guid":{"rendered":"http:\/\/innocentiemangonipiante.it\/caryopteris-x-clandonensis-heavenly-blue\/"},"modified":"2023-11-06T14:14:34","modified_gmt":"2023-11-06T13:14:34","slug":"caryopteris-x-clandonensis-heavenly-blue","status":"publish","type":"product","link":"https:\/\/innocentiemangonipiante.it\/fr\/caryopteris-x-clandonensis-heavenly-blue\/","title":{"rendered":"CARYOPTERIS x clandonensis &lsquo;Heavenly Blue&rsquo;"},"content":{"rendered":"<p>Arbuste \u00e0 feuilles caduques au port \u00e9rig\u00e9. Les feuilles sont de couleur gris vert et gris argent\u00e9 au-dessous et parfum\u00e9es. Floraison estivale de couleur bleu.<\/p>\n","protected":false},"excerpt":{"rendered":"<p>Arbuste \u00e0 feuilles caduques au port \u00e9rig\u00e9. Les feuilles sont de couleur gris vert et gris argent\u00e9 au-dessous et parfum\u00e9es. Floraison estivale de couleur bleu.<\/p>\n","protected":false},"featured_media":1406,"template":"","meta":{"_acf_changed":false},"product_brand":[],"product_cat":[8812],"product_tag":[10897],"class_list":{"0":"post-12546","1":"product","2":"type-product","3":"status-publish","4":"has-post-thumbnail","6":"product_cat-arbres-et-arbustes-a-feuilles-caduques","7":"product_tag-naturelle","8":"pa_altezza-massima-100-fr","9":"pa_altezza-massima-150-fr","10":"pa_colore-fioritura-bleu","11":"pa_condizionamento-clt-fr","12":"pa_famiglia-verbenaceae-fr","13":"pa_genere-caryopteris-fr","14":"pa_origine-origine-delle-piante-u-s-a","15":"pa_periodo-fioritura-aout","16":"pa_periodo-fioritura-juillet","17":"pa_periodo-fioritura-juin","18":"pa_portamento-eretto-fr","19":"pa_profumo-delicat","20":"pa_resistenza-climatica-moyenne-elevee","21":"pa_resistenza-del-suolo-resistant-aux-sols-calcaires","22":"pa_resistenza-del-suolo-resistant-aux-sols-secs","23":"pa_salinita-resistance-a-la-salinisation","24":"pa_utilizzo-parcs","25":"pa_utilizzo-petits-jardins","27":"first","28":"instock","29":"purchasable","30":"product-type-simple"},"acf":[],"_links":{"self":[{"href":"https:\/\/innocentiemangonipiante.it\/fr\/wp-json\/wp\/v2\/product\/12546","targetHints":{"allow":["GET"]}}],"collection":[{"href":"https:\/\/innocentiemangonipiante.it\/fr\/wp-json\/wp\/v2\/product"}],"about":[{"href":"https:\/\/innocentiemangonipiante.it\/fr\/wp-json\/wp\/v2\/types\/product"}],"wp:featuredmedia":[{"embeddable":true,"href":"https:\/\/innocentiemangonipiante.it\/fr\/wp-json\/wp\/v2\/media\/1406"}],"wp:attachment":[{"href":"https:\/\/innocentiemangonipiante.it\/fr\/wp-json\/wp\/v2\/media?parent=12546"}],"wp:term":[{"taxonomy":"product_brand","embeddable":true,"href":"https:\/\/innocentiemangonipiante.it\/fr\/wp-json\/wp\/v2\/product_brand?post=12546"},{"taxonomy":"product_cat","embeddable":true,"href":"https:\/\/innocentiemangonipiante.it\/fr\/wp-json\/wp\/v2\/product_cat?post=12546"},{"taxonomy":"product_tag","embeddable":true,"href":"https:\/\/innocentiemangonipiante.it\/fr\/wp-json\/wp\/v2\/product_tag?post=12546"}],"curies":[{"name":"wp","href":"https:\/\/api.w.org\/{rel}","templated":true}]}}