{"id":12547,"date":"2023-11-04T00:02:51","date_gmt":"2023-11-03T23:02:51","guid":{"rendered":"http:\/\/innocentiemangonipiante.it\/cassia-floribunda\/"},"modified":"2023-11-06T14:14:38","modified_gmt":"2023-11-06T13:14:38","slug":"cassia-floribunda","status":"publish","type":"product","link":"https:\/\/innocentiemangonipiante.it\/fr\/cassia-floribunda\/","title":{"rendered":"CASSIA floribunda"},"content":{"rendered":"<p>Arbuste semipersistant. Feuilles penn\u00e9es de couleur vert moyen. De l\u2019\u00e9t\u00e9 \u00e0 tout l\u2019hiver porte abondantes quantit\u00e9s de fleurs jaune-d\u2019or intense.<\/p>\n","protected":false},"excerpt":{"rendered":"<p>Arbuste semipersistant. Feuilles penn\u00e9es de couleur vert moyen. De l\u2019\u00e9t\u00e9 \u00e0 tout l\u2019hiver porte abondantes quantit\u00e9s de fleurs jaune-d\u2019or intense.<\/p>\n","protected":false},"featured_media":0,"template":"","meta":{"_acf_changed":false},"product_brand":[],"product_cat":[8817],"product_tag":[10897],"class_list":{"0":"post-12547","1":"product","2":"type-product","3":"status-publish","5":"product_cat-arbres-et-arbustes-persistants","6":"product_tag-naturelle","7":"pa_altezza-massima-100-fr","8":"pa_altezza-massima-150-fr","9":"pa_colore-fioritura-jaune","10":"pa_condizionamento-clt-fr","11":"pa_famiglia-leguminosae-fr","12":"pa_genere-cassia-fr","13":"pa_origine-amerique-du-sud","14":"pa_periodo-fioritura-aout","15":"pa_periodo-fioritura-decembre","16":"pa_periodo-fioritura-juillet","17":"pa_periodo-fioritura-juin","18":"pa_periodo-fioritura-novembre-fr","19":"pa_periodo-fioritura-octobre","20":"pa_periodo-fioritura-septembre","21":"pa_portamento-cespuglioso-fr","22":"pa_resistenza-climatica-tres-faible","23":"pa_resistenza-del-suolo-resistant-aux-sols-calcaires","24":"pa_utilizzo-balcons","25":"pa_utilizzo-petits-jardins","27":"first","28":"instock","29":"purchasable","30":"product-type-simple"},"acf":[],"_links":{"self":[{"href":"https:\/\/innocentiemangonipiante.it\/fr\/wp-json\/wp\/v2\/product\/12547","targetHints":{"allow":["GET"]}}],"collection":[{"href":"https:\/\/innocentiemangonipiante.it\/fr\/wp-json\/wp\/v2\/product"}],"about":[{"href":"https:\/\/innocentiemangonipiante.it\/fr\/wp-json\/wp\/v2\/types\/product"}],"wp:attachment":[{"href":"https:\/\/innocentiemangonipiante.it\/fr\/wp-json\/wp\/v2\/media?parent=12547"}],"wp:term":[{"taxonomy":"product_brand","embeddable":true,"href":"https:\/\/innocentiemangonipiante.it\/fr\/wp-json\/wp\/v2\/product_brand?post=12547"},{"taxonomy":"product_cat","embeddable":true,"href":"https:\/\/innocentiemangonipiante.it\/fr\/wp-json\/wp\/v2\/product_cat?post=12547"},{"taxonomy":"product_tag","embeddable":true,"href":"https:\/\/innocentiemangonipiante.it\/fr\/wp-json\/wp\/v2\/product_tag?post=12547"}],"curies":[{"name":"wp","href":"https:\/\/api.w.org\/{rel}","templated":true}]}}