{"id":12551,"date":"2023-11-04T00:03:12","date_gmt":"2023-11-03T23:03:12","guid":{"rendered":"http:\/\/innocentiemangonipiante.it\/catalpa-bignonioides\/"},"modified":"2023-11-06T14:14:47","modified_gmt":"2023-11-06T13:14:47","slug":"catalpa-bignonioides","status":"publish","type":"product","link":"https:\/\/innocentiemangonipiante.it\/fr\/catalpa-bignonioides\/","title":{"rendered":"CATALPA bignonioides"},"content":{"rendered":"<p>\u201cCatalpa commun\u201d. Arbre \u00e0 feuilles caduques au port ample et aux feuilles l\u00e9g\u00e8rement ov\u00e9es, d\u2019une longueur de 25 cm environ allant du pourpre au vert clair. Les fleurs, r\u00e9unies en grandes panicules \u00e9rig\u00e9es d\u2019une longueur de 30 cm, sont de couleur blanche ray\u00e9es de jaune \u00e0 l\u2019int\u00e9rieur et sont remplac\u00e9es par des fruits en forme de haricots pendants qui apparaissent en automne.<\/p>\n","protected":false},"excerpt":{"rendered":"<p>\u201cCatalpa commun\u201d. Arbre \u00e0 feuilles caduques au port ample et aux feuilles l\u00e9g\u00e8rement ov\u00e9es, d\u2019une longueur de 25 cm environ allant du pourpre au vert clair. Les fleurs, r\u00e9unies en grandes panicules \u00e9rig\u00e9es d\u2019une longueur de 30 cm, sont de couleur blanche ray\u00e9es de jaune \u00e0 l\u2019int\u00e9rieur et sont remplac\u00e9es par des fruits en forme [&hellip;]<\/p>\n","protected":false},"featured_media":1424,"template":"","meta":{"_acf_changed":false},"product_brand":[],"product_cat":[8812,9230],"product_tag":[10897,8596,8400],"class_list":{"0":"post-12551","1":"product","2":"type-product","3":"status-publish","4":"has-post-thumbnail","6":"product_cat-arbres-et-arbustes-a-feuilles-caduques","7":"product_cat-arbres-et-plantes-du-futur","8":"product_tag-naturelle","9":"product_tag-cepee","10":"product_tag-tige","11":"pa_altezza-massima-1000-fr-2","12":"pa_altezza-massima-15-metres","13":"pa_colore-fioritura-blanc","14":"pa_condizionamento-clt-fr","15":"pa_condizionamento-motte","16":"pa_famiglia-bignoniaceae-fr","17":"pa_genere-catalpa-fr","18":"pa_inquinamento-resistance-a-la-pollution","19":"pa_origine-origine-delle-piante-u-s-a","20":"pa_periodo-fioritura-aout","21":"pa_periodo-fioritura-juillet","22":"pa_periodo-fioritura-juin","23":"pa_periodo-fioritura-mai","24":"pa_periodo-fruttificazione-octobre","25":"pa_portamento-arrondi","26":"pa_resistenza-climatica-moyenne-elevee","27":"pa_resistenza-del-suolo-resistant-aux-sols-calcaires","28":"pa_resistenza-del-suolo-resistant-aux-sols-secs","29":"pa_utilizzo-parcs","31":"first","32":"instock","33":"purchasable","34":"product-type-simple"},"acf":[],"_links":{"self":[{"href":"https:\/\/innocentiemangonipiante.it\/fr\/wp-json\/wp\/v2\/product\/12551","targetHints":{"allow":["GET"]}}],"collection":[{"href":"https:\/\/innocentiemangonipiante.it\/fr\/wp-json\/wp\/v2\/product"}],"about":[{"href":"https:\/\/innocentiemangonipiante.it\/fr\/wp-json\/wp\/v2\/types\/product"}],"wp:featuredmedia":[{"embeddable":true,"href":"https:\/\/innocentiemangonipiante.it\/fr\/wp-json\/wp\/v2\/media\/1424"}],"wp:attachment":[{"href":"https:\/\/innocentiemangonipiante.it\/fr\/wp-json\/wp\/v2\/media?parent=12551"}],"wp:term":[{"taxonomy":"product_brand","embeddable":true,"href":"https:\/\/innocentiemangonipiante.it\/fr\/wp-json\/wp\/v2\/product_brand?post=12551"},{"taxonomy":"product_cat","embeddable":true,"href":"https:\/\/innocentiemangonipiante.it\/fr\/wp-json\/wp\/v2\/product_cat?post=12551"},{"taxonomy":"product_tag","embeddable":true,"href":"https:\/\/innocentiemangonipiante.it\/fr\/wp-json\/wp\/v2\/product_tag?post=12551"}],"curies":[{"name":"wp","href":"https:\/\/api.w.org\/{rel}","templated":true}]}}