{"id":12552,"date":"2023-11-04T00:03:48","date_gmt":"2023-11-03T23:03:48","guid":{"rendered":"http:\/\/innocentiemangonipiante.it\/ceanothus-thyrsiflorus-repens\/"},"modified":"2023-11-06T14:15:41","modified_gmt":"2023-11-06T13:15:41","slug":"ceanothus-thyrsiflorus-repens","status":"publish","type":"product","link":"https:\/\/innocentiemangonipiante.it\/fr\/ceanothus-thyrsiflorus-repens\/","title":{"rendered":"CEANOTHUS thyrsiflorus &lsquo;Repens&rsquo;"},"content":{"rendered":"<p>Arbuste persistant, \u00e0 croissance lente et port \u00e9largi. Les feuilles vertes altern\u00e9es sont ov\u00e9es, dent\u00e9l\u00e9es, luisantes, de 3,8 cm de longueur. Fleurs blue p\u00e2le.<\/p>\n","protected":false},"excerpt":{"rendered":"<p>Arbuste persistant, \u00e0 croissance lente et port \u00e9largi. Les feuilles vertes altern\u00e9es sont ov\u00e9es, dent\u00e9l\u00e9es, luisantes, de 3,8 cm de longueur. Fleurs blue p\u00e2le.<\/p>\n","protected":false},"featured_media":1448,"template":"","meta":{"_acf_changed":false},"product_brand":[],"product_cat":[8817],"product_tag":[10897],"class_list":{"0":"post-12552","1":"product","2":"type-product","3":"status-publish","4":"has-post-thumbnail","6":"product_cat-arbres-et-arbustes-persistants","7":"product_tag-naturelle","8":"pa_altezza-massima-0_50-metres","9":"pa_altezza-massima-100-fr","10":"pa_colore-fioritura-azur","11":"pa_condizionamento-clt-fr","12":"pa_famiglia-rhamnaceae-fr","13":"pa_genere-ceanothus-fr","14":"pa_origine-origine-delle-piante-u-s-a","15":"pa_periodo-fioritura-aout","16":"pa_periodo-fioritura-juillet","17":"pa_periodo-fioritura-juin","18":"pa_periodo-fioritura-mai","19":"pa_portamento-cespuglioso-fr","20":"pa_resistenza-climatica-tres-elevee","21":"pa_resistenza-del-suolo-resistant-aux-sols-calcaires","22":"pa_resistenza-del-suolo-resistant-aux-sols-secs","23":"pa_salinita-resistance-a-la-salinisation","24":"pa_utilizzo-petits-jardins","26":"first","27":"instock","28":"purchasable","29":"product-type-simple"},"acf":[],"_links":{"self":[{"href":"https:\/\/innocentiemangonipiante.it\/fr\/wp-json\/wp\/v2\/product\/12552","targetHints":{"allow":["GET"]}}],"collection":[{"href":"https:\/\/innocentiemangonipiante.it\/fr\/wp-json\/wp\/v2\/product"}],"about":[{"href":"https:\/\/innocentiemangonipiante.it\/fr\/wp-json\/wp\/v2\/types\/product"}],"wp:featuredmedia":[{"embeddable":true,"href":"https:\/\/innocentiemangonipiante.it\/fr\/wp-json\/wp\/v2\/media\/1448"}],"wp:attachment":[{"href":"https:\/\/innocentiemangonipiante.it\/fr\/wp-json\/wp\/v2\/media?parent=12552"}],"wp:term":[{"taxonomy":"product_brand","embeddable":true,"href":"https:\/\/innocentiemangonipiante.it\/fr\/wp-json\/wp\/v2\/product_brand?post=12552"},{"taxonomy":"product_cat","embeddable":true,"href":"https:\/\/innocentiemangonipiante.it\/fr\/wp-json\/wp\/v2\/product_cat?post=12552"},{"taxonomy":"product_tag","embeddable":true,"href":"https:\/\/innocentiemangonipiante.it\/fr\/wp-json\/wp\/v2\/product_tag?post=12552"}],"curies":[{"name":"wp","href":"https:\/\/api.w.org\/{rel}","templated":true}]}}