{"id":12553,"date":"2023-11-04T00:04:00","date_gmt":"2023-11-03T23:04:00","guid":{"rendered":"http:\/\/innocentiemangonipiante.it\/ceanothus-x-pallidus-marie-simon\/"},"modified":"2023-11-06T14:15:45","modified_gmt":"2023-11-06T13:15:45","slug":"ceanothus-x-pallidus-marie-simon","status":"publish","type":"product","link":"https:\/\/innocentiemangonipiante.it\/fr\/ceanothus-x-pallidus-marie-simon\/","title":{"rendered":"CEANOTHUS x pallidus &lsquo;Marie Simon&rsquo;"},"content":{"rendered":"<p>Arbuste \u00e0 feuilles caduques au port \u00e9rig\u00e9. Les feuilles, altern\u00e9es, ovales et dentel\u00e9es, sont d\u2019une longueur de 5 cm. De l\u2019\u00e9t\u00e9 \u00e0 l\u2019automne, elle donne des panicules terminales de couleur rose clair et d\u2019une longueur de 10 cm.<\/p>\n","protected":false},"excerpt":{"rendered":"<p>Arbuste \u00e0 feuilles caduques au port \u00e9rig\u00e9. Les feuilles, altern\u00e9es, ovales et dentel\u00e9es, sont d\u2019une longueur de 5 cm. De l\u2019\u00e9t\u00e9 \u00e0 l\u2019automne, elle donne des panicules terminales de couleur rose clair et d\u2019une longueur de 10 cm.<\/p>\n","protected":false},"featured_media":1460,"template":"","meta":{"_acf_changed":false},"product_brand":[],"product_cat":[8817],"product_tag":[10897],"class_list":{"0":"post-12553","1":"product","2":"type-product","3":"status-publish","4":"has-post-thumbnail","6":"product_cat-arbres-et-arbustes-persistants","7":"product_tag-naturelle","8":"pa_altezza-massima-100-fr","9":"pa_altezza-massima-150-fr","10":"pa_colore-fioritura-rose","11":"pa_condizionamento-clt-fr","12":"pa_famiglia-rhamnaceae-fr","13":"pa_genere-ceanothus-fr","14":"pa_origine-origine-delle-piante-u-s-a","15":"pa_periodo-fioritura-aout","16":"pa_periodo-fioritura-juillet","17":"pa_periodo-fioritura-juin","18":"pa_periodo-fioritura-octobre","19":"pa_periodo-fioritura-septembre","20":"pa_portamento-cespuglioso-fr","21":"pa_resistenza-climatica-tres-elevee","22":"pa_resistenza-del-suolo-resistant-aux-sols-calcaires","23":"pa_resistenza-del-suolo-resistant-aux-sols-secs","24":"pa_salinita-resistance-a-la-salinisation","25":"pa_utilizzo-petits-jardins","27":"first","28":"instock","29":"purchasable","30":"product-type-simple"},"acf":[],"_links":{"self":[{"href":"https:\/\/innocentiemangonipiante.it\/fr\/wp-json\/wp\/v2\/product\/12553","targetHints":{"allow":["GET"]}}],"collection":[{"href":"https:\/\/innocentiemangonipiante.it\/fr\/wp-json\/wp\/v2\/product"}],"about":[{"href":"https:\/\/innocentiemangonipiante.it\/fr\/wp-json\/wp\/v2\/types\/product"}],"wp:featuredmedia":[{"embeddable":true,"href":"https:\/\/innocentiemangonipiante.it\/fr\/wp-json\/wp\/v2\/media\/1460"}],"wp:attachment":[{"href":"https:\/\/innocentiemangonipiante.it\/fr\/wp-json\/wp\/v2\/media?parent=12553"}],"wp:term":[{"taxonomy":"product_brand","embeddable":true,"href":"https:\/\/innocentiemangonipiante.it\/fr\/wp-json\/wp\/v2\/product_brand?post=12553"},{"taxonomy":"product_cat","embeddable":true,"href":"https:\/\/innocentiemangonipiante.it\/fr\/wp-json\/wp\/v2\/product_cat?post=12553"},{"taxonomy":"product_tag","embeddable":true,"href":"https:\/\/innocentiemangonipiante.it\/fr\/wp-json\/wp\/v2\/product_tag?post=12553"}],"curies":[{"name":"wp","href":"https:\/\/api.w.org\/{rel}","templated":true}]}}