{"id":12554,"date":"2023-11-04T00:03:54","date_gmt":"2023-11-03T23:03:54","guid":{"rendered":"http:\/\/innocentiemangonipiante.it\/ceanothus-x-dedileanus-gloire-de-versailles\/"},"modified":"2023-11-06T14:15:43","modified_gmt":"2023-11-06T13:15:43","slug":"ceanothus-x-dedileanus-gloire-de-versailles","status":"publish","type":"product","link":"https:\/\/innocentiemangonipiante.it\/fr\/ceanothus-x-dedileanus-gloire-de-versailles\/","title":{"rendered":"CEANOTHUS x dedileanus &lsquo;Gloire de Versailles&rsquo;"},"content":{"rendered":"<p>Arbuste \u00e0 feuilles caduques, buissonnant, aux feuilles altern\u00e9es de couleur vert fonc\u00e9, ovales, d\u2019une longueur de 7 cm. Floraison de la moiti\u00e9 de l\u2019\u00e9t\u00e9 \u00e0 l\u2019automne en grandes panicules d\u2019une longueur de 10-15 cm de couleur bleu clair.<\/p>\n","protected":false},"excerpt":{"rendered":"<p>Arbuste \u00e0 feuilles caduques, buissonnant, aux feuilles altern\u00e9es de couleur vert fonc\u00e9, ovales, d\u2019une longueur de 7 cm. Floraison de la moiti\u00e9 de l\u2019\u00e9t\u00e9 \u00e0 l\u2019automne en grandes panicules d\u2019une longueur de 10-15 cm de couleur bleu clair.<\/p>\n","protected":false},"featured_media":1454,"template":"","meta":{"_acf_changed":false},"product_brand":[],"product_cat":[8817],"product_tag":[10897],"class_list":{"0":"post-12554","1":"product","2":"type-product","3":"status-publish","4":"has-post-thumbnail","6":"product_cat-arbres-et-arbustes-persistants","7":"product_tag-naturelle","8":"pa_altezza-massima-100-fr","9":"pa_altezza-massima-150-fr","10":"pa_colore-fioritura-azur","11":"pa_condizionamento-clt-fr","12":"pa_famiglia-rhamnaceae-fr","13":"pa_genere-ceanothus-fr","14":"pa_origine-origine-delle-piante-u-s-a","15":"pa_periodo-fioritura-aout","16":"pa_periodo-fioritura-juillet","17":"pa_periodo-fioritura-octobre","18":"pa_periodo-fioritura-septembre","19":"pa_portamento-cespuglioso-fr","20":"pa_resistenza-climatica-moyenne-elevee","21":"pa_resistenza-del-suolo-resistant-aux-sols-calcaires","22":"pa_resistenza-del-suolo-resistant-aux-sols-secs","23":"pa_salinita-resistance-a-la-salinisation","24":"pa_utilizzo-petits-jardins","26":"first","27":"instock","28":"purchasable","29":"product-type-simple"},"acf":[],"_links":{"self":[{"href":"https:\/\/innocentiemangonipiante.it\/fr\/wp-json\/wp\/v2\/product\/12554","targetHints":{"allow":["GET"]}}],"collection":[{"href":"https:\/\/innocentiemangonipiante.it\/fr\/wp-json\/wp\/v2\/product"}],"about":[{"href":"https:\/\/innocentiemangonipiante.it\/fr\/wp-json\/wp\/v2\/types\/product"}],"wp:featuredmedia":[{"embeddable":true,"href":"https:\/\/innocentiemangonipiante.it\/fr\/wp-json\/wp\/v2\/media\/1454"}],"wp:attachment":[{"href":"https:\/\/innocentiemangonipiante.it\/fr\/wp-json\/wp\/v2\/media?parent=12554"}],"wp:term":[{"taxonomy":"product_brand","embeddable":true,"href":"https:\/\/innocentiemangonipiante.it\/fr\/wp-json\/wp\/v2\/product_brand?post=12554"},{"taxonomy":"product_cat","embeddable":true,"href":"https:\/\/innocentiemangonipiante.it\/fr\/wp-json\/wp\/v2\/product_cat?post=12554"},{"taxonomy":"product_tag","embeddable":true,"href":"https:\/\/innocentiemangonipiante.it\/fr\/wp-json\/wp\/v2\/product_tag?post=12554"}],"curies":[{"name":"wp","href":"https:\/\/api.w.org\/{rel}","templated":true}]}}