{"id":12555,"date":"2023-11-04T00:03:32","date_gmt":"2023-11-03T23:03:32","guid":{"rendered":"http:\/\/innocentiemangonipiante.it\/ceanothus-burkwoodii\/"},"modified":"2023-11-06T14:15:31","modified_gmt":"2023-11-06T13:15:31","slug":"ceanothus-burkwoodii","status":"publish","type":"product","link":"https:\/\/innocentiemangonipiante.it\/fr\/ceanothus-burkwoodii\/","title":{"rendered":"CEANOTHUS burkwoodii"},"content":{"rendered":"<p>Arbuste persistant, compact avec feuilles luisantes, ov\u00e9es, dent\u00e9l\u00e9es, longues jusqu\u2019\u00e0 3 cm de couleur vert fonc\u00e9 sur la face sup\u00e9rieure et gris on dessous. \u00c0 la fin de l\u2019\u00e9t\u00e9 s\u2019\u00e9panouissent des fleurs bleu brillant en \u00e9pis de 6 cm de longueur.<\/p>\n","protected":false},"excerpt":{"rendered":"<p>Arbuste persistant, compact avec feuilles luisantes, ov\u00e9es, dent\u00e9l\u00e9es, longues jusqu\u2019\u00e0 3 cm de couleur vert fonc\u00e9 sur la face sup\u00e9rieure et gris on dessous. \u00c0 la fin de l\u2019\u00e9t\u00e9 s\u2019\u00e9panouissent des fleurs bleu brillant en \u00e9pis de 6 cm de longueur.<\/p>\n","protected":false},"featured_media":1442,"template":"","meta":{"_acf_changed":false},"product_brand":[],"product_cat":[8817],"product_tag":[10897],"class_list":{"0":"post-12555","1":"product","2":"type-product","3":"status-publish","4":"has-post-thumbnail","6":"product_cat-arbres-et-arbustes-persistants","7":"product_tag-naturelle","8":"pa_altezza-massima-100-fr","9":"pa_altezza-massima-150-fr","10":"pa_colore-fioritura-azur","11":"pa_condizionamento-clt-fr","12":"pa_famiglia-rhamnaceae-fr","13":"pa_genere-ceanothus-fr","14":"pa_origine-japon","15":"pa_periodo-fioritura-aout","16":"pa_periodo-fioritura-septembre","17":"pa_portamento-cespuglioso-fr","18":"pa_resistenza-climatica-moyenne-elevee","19":"pa_resistenza-del-suolo-resistant-aux-sols-calcaires","20":"pa_resistenza-del-suolo-resistant-aux-sols-secs","21":"pa_salinita-resistance-a-la-salinisation","22":"pa_utilizzo-petits-jardins","24":"first","25":"instock","26":"purchasable","27":"product-type-simple"},"acf":[],"_links":{"self":[{"href":"https:\/\/innocentiemangonipiante.it\/fr\/wp-json\/wp\/v2\/product\/12555","targetHints":{"allow":["GET"]}}],"collection":[{"href":"https:\/\/innocentiemangonipiante.it\/fr\/wp-json\/wp\/v2\/product"}],"about":[{"href":"https:\/\/innocentiemangonipiante.it\/fr\/wp-json\/wp\/v2\/types\/product"}],"wp:featuredmedia":[{"embeddable":true,"href":"https:\/\/innocentiemangonipiante.it\/fr\/wp-json\/wp\/v2\/media\/1442"}],"wp:attachment":[{"href":"https:\/\/innocentiemangonipiante.it\/fr\/wp-json\/wp\/v2\/media?parent=12555"}],"wp:term":[{"taxonomy":"product_brand","embeddable":true,"href":"https:\/\/innocentiemangonipiante.it\/fr\/wp-json\/wp\/v2\/product_brand?post=12555"},{"taxonomy":"product_cat","embeddable":true,"href":"https:\/\/innocentiemangonipiante.it\/fr\/wp-json\/wp\/v2\/product_cat?post=12555"},{"taxonomy":"product_tag","embeddable":true,"href":"https:\/\/innocentiemangonipiante.it\/fr\/wp-json\/wp\/v2\/product_tag?post=12555"}],"curies":[{"name":"wp","href":"https:\/\/api.w.org\/{rel}","templated":true}]}}