{"id":12557,"date":"2023-11-04T00:04:07","date_gmt":"2023-11-03T23:04:07","guid":{"rendered":"http:\/\/innocentiemangonipiante.it\/cedrela-sinensis\/"},"modified":"2023-11-06T14:15:48","modified_gmt":"2023-11-06T13:15:48","slug":"cedrela-sinensis","status":"publish","type":"product","link":"https:\/\/innocentiemangonipiante.it\/fr\/cedrela-sinensis\/","title":{"rendered":"CEDRELA sinensis"},"content":{"rendered":"<p>Arbre caduc qui, en juin, produit des fleurs blanches en grappes, longues de 30 cm. Les feuilles sont compos\u00e9es de 5 \u00e0 12 couples de petites feuilles vert fonc\u00e9 qui jaunissent en automne.<\/p>\n","protected":false},"excerpt":{"rendered":"<p>Arbre caduc qui, en juin, produit des fleurs blanches en grappes, longues de 30 cm. Les feuilles sont compos\u00e9es de 5 \u00e0 12 couples de petites feuilles vert fonc\u00e9 qui jaunissent en automne.<\/p>\n","protected":false},"featured_media":1466,"template":"","meta":{"_acf_changed":false},"product_brand":[],"product_cat":[8812],"product_tag":[10897,8400],"class_list":{"0":"post-12557","1":"product","2":"type-product","3":"status-publish","4":"has-post-thumbnail","6":"product_cat-arbres-et-arbustes-a-feuilles-caduques","7":"product_tag-naturelle","8":"product_tag-tige","9":"pa_altezza-massima-15-metres","10":"pa_altezza-massima-20-metres","11":"pa_colore-fioritura-blanc","12":"pa_condizionamento-clt-fr","13":"pa_condizionamento-motte","14":"pa_famiglia-meliaceae-fr","15":"pa_genere-cedrela-fr","16":"pa_origine-chine","17":"pa_periodo-fioritura-juin","18":"pa_portamento-de-colonne","19":"pa_resistenza-climatica-tres-elevee","20":"pa_utilizzo-parcs","22":"first","23":"instock","24":"purchasable","25":"product-type-simple"},"acf":[],"_links":{"self":[{"href":"https:\/\/innocentiemangonipiante.it\/fr\/wp-json\/wp\/v2\/product\/12557","targetHints":{"allow":["GET"]}}],"collection":[{"href":"https:\/\/innocentiemangonipiante.it\/fr\/wp-json\/wp\/v2\/product"}],"about":[{"href":"https:\/\/innocentiemangonipiante.it\/fr\/wp-json\/wp\/v2\/types\/product"}],"wp:featuredmedia":[{"embeddable":true,"href":"https:\/\/innocentiemangonipiante.it\/fr\/wp-json\/wp\/v2\/media\/1466"}],"wp:attachment":[{"href":"https:\/\/innocentiemangonipiante.it\/fr\/wp-json\/wp\/v2\/media?parent=12557"}],"wp:term":[{"taxonomy":"product_brand","embeddable":true,"href":"https:\/\/innocentiemangonipiante.it\/fr\/wp-json\/wp\/v2\/product_brand?post=12557"},{"taxonomy":"product_cat","embeddable":true,"href":"https:\/\/innocentiemangonipiante.it\/fr\/wp-json\/wp\/v2\/product_cat?post=12557"},{"taxonomy":"product_tag","embeddable":true,"href":"https:\/\/innocentiemangonipiante.it\/fr\/wp-json\/wp\/v2\/product_tag?post=12557"}],"curies":[{"name":"wp","href":"https:\/\/api.w.org\/{rel}","templated":true}]}}