{"id":12558,"date":"2023-11-04T00:06:18","date_gmt":"2023-11-03T23:06:18","guid":{"rendered":"http:\/\/innocentiemangonipiante.it\/cedrus-libani\/"},"modified":"2023-11-06T14:17:02","modified_gmt":"2023-11-06T13:17:02","slug":"cedrus-libani","status":"publish","type":"product","link":"https:\/\/innocentiemangonipiante.it\/fr\/cedrus-libani\/","title":{"rendered":"CEDRUS libani"},"content":{"rendered":"<p>Conif\u00e8re aux branches tr\u00e8s \u00e9tal\u00e9es, surtout horizontales, conique et r\u00e9gulier en jaune \u00e2ge. Ses aiguilles sont courtes, de couleur vert-gris-bleu.<\/p>\n","protected":false},"excerpt":{"rendered":"<p>Conif\u00e8re aux branches tr\u00e8s \u00e9tal\u00e9es, surtout horizontales, conique et r\u00e9gulier en jaune \u00e2ge. Ses aiguilles sont courtes, de couleur vert-gris-bleu.<\/p>\n","protected":false},"featured_media":1542,"template":"","meta":{"_acf_changed":false},"product_brand":[],"product_cat":[8824],"product_tag":[10897],"class_list":{"0":"post-12558","1":"product","2":"type-product","3":"status-publish","4":"has-post-thumbnail","6":"product_cat-coniferes","7":"product_tag-naturelle","8":"pa_altezza-massima-25-metres","9":"pa_altezza-massima-35-metres","10":"pa_colore-delle-foglie-grises","11":"pa_condizionamento-clt-fr","12":"pa_condizionamento-vs-fr","13":"pa_condizionamento-motte","14":"pa_famiglia-pinaceae-fr","15":"pa_genere-cedrus-fr","16":"pa_origine-liban","17":"pa_portamento-piramidale-fr","18":"pa_resistenza-climatica-tres-elevee","19":"pa_resistenza-del-suolo-resistant-aux-sols-calcaires","20":"pa_resistenza-del-suolo-resistant-aux-sols-secs","21":"pa_utilizzo-parcs","23":"first","24":"instock","25":"purchasable","26":"product-type-simple"},"acf":[],"_links":{"self":[{"href":"https:\/\/innocentiemangonipiante.it\/fr\/wp-json\/wp\/v2\/product\/12558","targetHints":{"allow":["GET"]}}],"collection":[{"href":"https:\/\/innocentiemangonipiante.it\/fr\/wp-json\/wp\/v2\/product"}],"about":[{"href":"https:\/\/innocentiemangonipiante.it\/fr\/wp-json\/wp\/v2\/types\/product"}],"wp:featuredmedia":[{"embeddable":true,"href":"https:\/\/innocentiemangonipiante.it\/fr\/wp-json\/wp\/v2\/media\/1542"}],"wp:attachment":[{"href":"https:\/\/innocentiemangonipiante.it\/fr\/wp-json\/wp\/v2\/media?parent=12558"}],"wp:term":[{"taxonomy":"product_brand","embeddable":true,"href":"https:\/\/innocentiemangonipiante.it\/fr\/wp-json\/wp\/v2\/product_brand?post=12558"},{"taxonomy":"product_cat","embeddable":true,"href":"https:\/\/innocentiemangonipiante.it\/fr\/wp-json\/wp\/v2\/product_cat?post=12558"},{"taxonomy":"product_tag","embeddable":true,"href":"https:\/\/innocentiemangonipiante.it\/fr\/wp-json\/wp\/v2\/product_tag?post=12558"}],"curies":[{"name":"wp","href":"https:\/\/api.w.org\/{rel}","templated":true}]}}