{"id":12559,"date":"2023-11-04T00:06:09","date_gmt":"2023-11-03T23:06:09","guid":{"rendered":"http:\/\/innocentiemangonipiante.it\/cedrus-deodara-robusta-glauca\/"},"modified":"2023-11-06T14:16:55","modified_gmt":"2023-11-06T13:16:55","slug":"cedrus-deodara-robusta-glauca","status":"publish","type":"product","link":"https:\/\/innocentiemangonipiante.it\/fr\/cedrus-deodara-robusta-glauca\/","title":{"rendered":"CEDRUS deodara &lsquo;Robusta Glauca&rsquo;"},"content":{"rendered":"<p>Conif\u00e8re au port largement conique. Les branches sont rigides et dress\u00e9es. L\u2019\u00e9corce est de couleur gris fonc\u00e9. Les aiguilles sont rigides, pointues, quadrilat\u00e9rales et de couleur gris clair avec des reflets bleu argent\u00e9 \u00e0 l\u2019\u00e2ge adulte, elles atteignent 5-7 cm de largeur.<\/p>\n","protected":false},"excerpt":{"rendered":"<p>Conif\u00e8re au port largement conique. Les branches sont rigides et dress\u00e9es. L\u2019\u00e9corce est de couleur gris fonc\u00e9. Les aiguilles sont rigides, pointues, quadrilat\u00e9rales et de couleur gris clair avec des reflets bleu argent\u00e9 \u00e0 l\u2019\u00e2ge adulte, elles atteignent 5-7 cm de largeur.<\/p>\n","protected":false},"featured_media":1536,"template":"","meta":{"_acf_changed":false},"product_brand":[],"product_cat":[8824],"product_tag":[10897],"class_list":{"0":"post-12559","1":"product","2":"type-product","3":"status-publish","4":"has-post-thumbnail","6":"product_cat-coniferes","7":"product_tag-naturelle","8":"pa_altezza-massima-20-metres","9":"pa_altezza-massima-30-metres","10":"pa_colore-delle-foglie-grises","11":"pa_condizionamento-clt-fr","12":"pa_condizionamento-motte","13":"pa_famiglia-pinaceae-fr","14":"pa_genere-cedrus-fr","15":"pa_origine-italie","16":"pa_portamento-pleureur","17":"pa_resistenza-climatica-tres-elevee","18":"pa_resistenza-del-suolo-resistant-au-sol-humide","19":"pa_resistenza-del-suolo-resistant-aux-sols-secs","20":"pa_utilizzo-avenues-fr","21":"pa_utilizzo-parcs","23":"first","24":"instock","25":"purchasable","26":"product-type-simple"},"acf":[],"_links":{"self":[{"href":"https:\/\/innocentiemangonipiante.it\/fr\/wp-json\/wp\/v2\/product\/12559","targetHints":{"allow":["GET"]}}],"collection":[{"href":"https:\/\/innocentiemangonipiante.it\/fr\/wp-json\/wp\/v2\/product"}],"about":[{"href":"https:\/\/innocentiemangonipiante.it\/fr\/wp-json\/wp\/v2\/types\/product"}],"wp:featuredmedia":[{"embeddable":true,"href":"https:\/\/innocentiemangonipiante.it\/fr\/wp-json\/wp\/v2\/media\/1536"}],"wp:attachment":[{"href":"https:\/\/innocentiemangonipiante.it\/fr\/wp-json\/wp\/v2\/media?parent=12559"}],"wp:term":[{"taxonomy":"product_brand","embeddable":true,"href":"https:\/\/innocentiemangonipiante.it\/fr\/wp-json\/wp\/v2\/product_brand?post=12559"},{"taxonomy":"product_cat","embeddable":true,"href":"https:\/\/innocentiemangonipiante.it\/fr\/wp-json\/wp\/v2\/product_cat?post=12559"},{"taxonomy":"product_tag","embeddable":true,"href":"https:\/\/innocentiemangonipiante.it\/fr\/wp-json\/wp\/v2\/product_tag?post=12559"}],"curies":[{"name":"wp","href":"https:\/\/api.w.org\/{rel}","templated":true}]}}