{"id":12561,"date":"2023-11-04T00:05:56","date_gmt":"2023-11-03T23:05:56","guid":{"rendered":"http:\/\/innocentiemangonipiante.it\/cedrus-deodara-golden-horizon\/"},"modified":"2023-11-06T14:16:49","modified_gmt":"2023-11-06T13:16:49","slug":"cedrus-deodara-golden-horizon","status":"publish","type":"product","link":"https:\/\/innocentiemangonipiante.it\/fr\/cedrus-deodara-golden-horizon\/","title":{"rendered":"CEDRUS deodara &lsquo;Golden Horizon&rsquo;"},"content":{"rendered":"<p>\u201cDeodara nain, rampant dor\u00e9\u201d. Forme basse et compacte. Les aiguilles sont de couleur jaune d\u2019or d\u2019une longueur de 2 \u00e0 2,5 cm particuli\u00e8rement souples et fines. Les branches horizontales et l\u00e9g\u00e8rement retombantes ont des extr\u00e9mit\u00e9s pendantes.<\/p>\n","protected":false},"excerpt":{"rendered":"<p>\u201cDeodara nain, rampant dor\u00e9\u201d. Forme basse et compacte. Les aiguilles sont de couleur jaune d\u2019or d\u2019une longueur de 2 \u00e0 2,5 cm particuli\u00e8rement souples et fines. Les branches horizontales et l\u00e9g\u00e8rement retombantes ont des extr\u00e9mit\u00e9s pendantes.<\/p>\n","protected":false},"featured_media":1524,"template":"","meta":{"_acf_changed":false},"product_brand":[],"product_cat":[8824],"product_tag":[10897],"class_list":{"0":"post-12561","1":"product","2":"type-product","3":"status-publish","4":"has-post-thumbnail","6":"product_cat-coniferes","7":"product_tag-naturelle","8":"pa_altezza-massima-200-fr","9":"pa_altezza-massima-400-fr","10":"pa_colore-delle-foglie-jaune","11":"pa_famiglia-pinaceae-fr","12":"pa_genere-cedrus-fr","13":"pa_origine-hollande","14":"pa_portamento-arrondi","15":"pa_resistenza-climatica-moyenne-elevee","16":"pa_resistenza-del-suolo-resistant-au-sol-humide","17":"pa_resistenza-del-suolo-resistant-aux-sols-secs","18":"pa_utilizzo-petits-jardins","20":"first","21":"instock","22":"purchasable","23":"product-type-simple"},"acf":[],"_links":{"self":[{"href":"https:\/\/innocentiemangonipiante.it\/fr\/wp-json\/wp\/v2\/product\/12561","targetHints":{"allow":["GET"]}}],"collection":[{"href":"https:\/\/innocentiemangonipiante.it\/fr\/wp-json\/wp\/v2\/product"}],"about":[{"href":"https:\/\/innocentiemangonipiante.it\/fr\/wp-json\/wp\/v2\/types\/product"}],"wp:featuredmedia":[{"embeddable":true,"href":"https:\/\/innocentiemangonipiante.it\/fr\/wp-json\/wp\/v2\/media\/1524"}],"wp:attachment":[{"href":"https:\/\/innocentiemangonipiante.it\/fr\/wp-json\/wp\/v2\/media?parent=12561"}],"wp:term":[{"taxonomy":"product_brand","embeddable":true,"href":"https:\/\/innocentiemangonipiante.it\/fr\/wp-json\/wp\/v2\/product_brand?post=12561"},{"taxonomy":"product_cat","embeddable":true,"href":"https:\/\/innocentiemangonipiante.it\/fr\/wp-json\/wp\/v2\/product_cat?post=12561"},{"taxonomy":"product_tag","embeddable":true,"href":"https:\/\/innocentiemangonipiante.it\/fr\/wp-json\/wp\/v2\/product_tag?post=12561"}],"curies":[{"name":"wp","href":"https:\/\/api.w.org\/{rel}","templated":true}]}}