{"id":12563,"date":"2023-11-04T00:05:37","date_gmt":"2023-11-03T23:05:37","guid":{"rendered":"http:\/\/innocentiemangonipiante.it\/cedrus-deodara-electra-blue\/"},"modified":"2023-11-06T14:16:40","modified_gmt":"2023-11-06T13:16:40","slug":"cedrus-deodara-electra-blue","status":"publish","type":"product","link":"https:\/\/innocentiemangonipiante.it\/fr\/cedrus-deodara-electra-blue\/","title":{"rendered":"CEDRUS deodara &lsquo;Electra Blue&rsquo;"},"content":{"rendered":"<p>Conif\u00e8re \u00e0 pousse lente et \u00e9rig\u00e9e, \u00e0 port conique. Ses aiguilles sont bleu brillant tout au long de l\u2019ann\u00e9e.<\/p>\n","protected":false},"excerpt":{"rendered":"<p>Conif\u00e8re \u00e0 pousse lente et \u00e9rig\u00e9e, \u00e0 port conique. Ses aiguilles sont bleu brillant tout au long de l\u2019ann\u00e9e.<\/p>\n","protected":false},"featured_media":1517,"template":"","meta":{"_acf_changed":false},"product_brand":[],"product_cat":[8824],"product_tag":[10897],"class_list":{"0":"post-12563","1":"product","2":"type-product","3":"status-publish","4":"has-post-thumbnail","6":"product_cat-coniferes","7":"product_tag-naturelle","8":"pa_altezza-massima-1000-fr-2","9":"pa_altezza-massima-12-metres","10":"pa_condizionamento-clt-fr","11":"pa_famiglia-pinaceae-fr","12":"pa_genere-cedrus-fr","13":"pa_origine-origine-delle-piante-u-s-a","14":"pa_portamento-conico-fr","15":"pa_resistenza-climatica-plantes-avec-une-faible-resistance-climatique","16":"pa_resistenza-del-suolo-resistant-au-sol-humide","17":"pa_utilizzo-parcs","19":"first","20":"instock","21":"purchasable","22":"product-type-simple"},"acf":[],"_links":{"self":[{"href":"https:\/\/innocentiemangonipiante.it\/fr\/wp-json\/wp\/v2\/product\/12563","targetHints":{"allow":["GET"]}}],"collection":[{"href":"https:\/\/innocentiemangonipiante.it\/fr\/wp-json\/wp\/v2\/product"}],"about":[{"href":"https:\/\/innocentiemangonipiante.it\/fr\/wp-json\/wp\/v2\/types\/product"}],"wp:featuredmedia":[{"embeddable":true,"href":"https:\/\/innocentiemangonipiante.it\/fr\/wp-json\/wp\/v2\/media\/1517"}],"wp:attachment":[{"href":"https:\/\/innocentiemangonipiante.it\/fr\/wp-json\/wp\/v2\/media?parent=12563"}],"wp:term":[{"taxonomy":"product_brand","embeddable":true,"href":"https:\/\/innocentiemangonipiante.it\/fr\/wp-json\/wp\/v2\/product_brand?post=12563"},{"taxonomy":"product_cat","embeddable":true,"href":"https:\/\/innocentiemangonipiante.it\/fr\/wp-json\/wp\/v2\/product_cat?post=12563"},{"taxonomy":"product_tag","embeddable":true,"href":"https:\/\/innocentiemangonipiante.it\/fr\/wp-json\/wp\/v2\/product_tag?post=12563"}],"curies":[{"name":"wp","href":"https:\/\/api.w.org\/{rel}","templated":true}]}}