{"id":12564,"date":"2023-11-04T00:05:30","date_gmt":"2023-11-03T23:05:30","guid":{"rendered":"http:\/\/innocentiemangonipiante.it\/cedrus-deodara-blue-triumph\/"},"modified":"2023-11-06T14:16:36","modified_gmt":"2023-11-06T13:16:36","slug":"cedrus-deodara-blue-triumph","status":"publish","type":"product","link":"https:\/\/innocentiemangonipiante.it\/fr\/cedrus-deodara-blue-triumph\/","title":{"rendered":"CEDRUS deodara &lsquo;Blue Triumph&rsquo;"},"content":{"rendered":"<p>Notre cr\u00e9ation. Vari\u00e9t\u00e9 de greffe produite en am\u00e9lioration du C. deodara. V\u00e9g\u00e9tation plus r\u00e9guli\u00e8re que dans l\u2019esp\u00e8ce type. Les aiguilles, un peu plus longues, sont d\u2019un bleu particuli\u00e8rement intense.<\/p>\n","protected":false},"excerpt":{"rendered":"<p>Notre cr\u00e9ation. Vari\u00e9t\u00e9 de greffe produite en am\u00e9lioration du C. deodara. V\u00e9g\u00e9tation plus r\u00e9guli\u00e8re que dans l\u2019esp\u00e8ce type. Les aiguilles, un peu plus longues, sont d\u2019un bleu particuli\u00e8rement intense.<\/p>\n","protected":false},"featured_media":1511,"template":"","meta":{"_acf_changed":false},"product_brand":[],"product_cat":[8824],"product_tag":[10897],"class_list":{"0":"post-12564","1":"product","2":"type-product","3":"status-publish","4":"has-post-thumbnail","6":"product_cat-coniferes","7":"product_tag-naturelle","8":"pa_altezza-massima-25-metres","9":"pa_altezza-massima-35-metres","10":"pa_colore-delle-foglie-bleu","11":"pa_condizionamento-clt-fr","12":"pa_famiglia-pinaceae-fr","13":"pa_genere-cedrus-fr","14":"pa_origine-italie","15":"pa_portamento-piramidale-fr","16":"pa_resistenza-climatica-moyenne-elevee","17":"pa_resistenza-del-suolo-resistant-au-sol-humide","18":"pa_resistenza-del-suolo-resistant-aux-sols-secs","19":"pa_utilizzo-parcs","21":"first","22":"instock","23":"purchasable","24":"product-type-simple"},"acf":[],"_links":{"self":[{"href":"https:\/\/innocentiemangonipiante.it\/fr\/wp-json\/wp\/v2\/product\/12564","targetHints":{"allow":["GET"]}}],"collection":[{"href":"https:\/\/innocentiemangonipiante.it\/fr\/wp-json\/wp\/v2\/product"}],"about":[{"href":"https:\/\/innocentiemangonipiante.it\/fr\/wp-json\/wp\/v2\/types\/product"}],"wp:featuredmedia":[{"embeddable":true,"href":"https:\/\/innocentiemangonipiante.it\/fr\/wp-json\/wp\/v2\/media\/1511"}],"wp:attachment":[{"href":"https:\/\/innocentiemangonipiante.it\/fr\/wp-json\/wp\/v2\/media?parent=12564"}],"wp:term":[{"taxonomy":"product_brand","embeddable":true,"href":"https:\/\/innocentiemangonipiante.it\/fr\/wp-json\/wp\/v2\/product_brand?post=12564"},{"taxonomy":"product_cat","embeddable":true,"href":"https:\/\/innocentiemangonipiante.it\/fr\/wp-json\/wp\/v2\/product_cat?post=12564"},{"taxonomy":"product_tag","embeddable":true,"href":"https:\/\/innocentiemangonipiante.it\/fr\/wp-json\/wp\/v2\/product_tag?post=12564"}],"curies":[{"name":"wp","href":"https:\/\/api.w.org\/{rel}","templated":true}]}}