{"id":12565,"date":"2023-11-04T00:05:22","date_gmt":"2023-11-03T23:05:22","guid":{"rendered":"http:\/\/innocentiemangonipiante.it\/cedrus-deodara-aurea\/"},"modified":"2023-11-06T14:16:31","modified_gmt":"2023-11-06T13:16:31","slug":"cedrus-deodara-aurea","status":"publish","type":"product","link":"https:\/\/innocentiemangonipiante.it\/fr\/cedrus-deodara-aurea\/","title":{"rendered":"CEDRUS deodara &lsquo;Aurea&rsquo;"},"content":{"rendered":"<p>\u2018\u2018C\u00e8dre de l\u2019Himalaya dor\u00e9\u201d. Croissance plus lente que l\u2019esp\u00e8ce type. Les nouvelles v\u00e9g\u00e9tations de couleur jaune brillant sont souples et retombantes. Les aiguilles sont de couleur jaune dor\u00e9 et virent au vert jaun\u00e2tre \u00e0 maturit\u00e9.<\/p>\n","protected":false},"excerpt":{"rendered":"<p>\u2018\u2018C\u00e8dre de l\u2019Himalaya dor\u00e9\u201d. Croissance plus lente que l\u2019esp\u00e8ce type. Les nouvelles v\u00e9g\u00e9tations de couleur jaune brillant sont souples et retombantes. Les aiguilles sont de couleur jaune dor\u00e9 et virent au vert jaun\u00e2tre \u00e0 maturit\u00e9.<\/p>\n","protected":false},"featured_media":1505,"template":"","meta":{"_acf_changed":false},"product_brand":[],"product_cat":[8824],"product_tag":[10897],"class_list":{"0":"post-12565","1":"product","2":"type-product","3":"status-publish","4":"has-post-thumbnail","6":"product_cat-coniferes","7":"product_tag-naturelle","8":"pa_altezza-massima-600-fr","9":"pa_altezza-massima-900-fr","10":"pa_colore-delle-foglie-jaune","11":"pa_condizionamento-clt-fr","12":"pa_condizionamento-motte","13":"pa_famiglia-pinaceae-fr","14":"pa_genere-cedrus-fr","15":"pa_origine-angleterre","16":"pa_portamento-piramidale-fr","17":"pa_resistenza-climatica-moyenne-elevee","18":"pa_resistenza-del-suolo-resistant-au-sol-humide","19":"pa_resistenza-del-suolo-resistant-aux-sols-secs","20":"pa_utilizzo-parcs","22":"first","23":"instock","24":"purchasable","25":"product-type-simple"},"acf":[],"_links":{"self":[{"href":"https:\/\/innocentiemangonipiante.it\/fr\/wp-json\/wp\/v2\/product\/12565","targetHints":{"allow":["GET"]}}],"collection":[{"href":"https:\/\/innocentiemangonipiante.it\/fr\/wp-json\/wp\/v2\/product"}],"about":[{"href":"https:\/\/innocentiemangonipiante.it\/fr\/wp-json\/wp\/v2\/types\/product"}],"wp:featuredmedia":[{"embeddable":true,"href":"https:\/\/innocentiemangonipiante.it\/fr\/wp-json\/wp\/v2\/media\/1505"}],"wp:attachment":[{"href":"https:\/\/innocentiemangonipiante.it\/fr\/wp-json\/wp\/v2\/media?parent=12565"}],"wp:term":[{"taxonomy":"product_brand","embeddable":true,"href":"https:\/\/innocentiemangonipiante.it\/fr\/wp-json\/wp\/v2\/product_brand?post=12565"},{"taxonomy":"product_cat","embeddable":true,"href":"https:\/\/innocentiemangonipiante.it\/fr\/wp-json\/wp\/v2\/product_cat?post=12565"},{"taxonomy":"product_tag","embeddable":true,"href":"https:\/\/innocentiemangonipiante.it\/fr\/wp-json\/wp\/v2\/product_tag?post=12565"}],"curies":[{"name":"wp","href":"https:\/\/api.w.org\/{rel}","templated":true}]}}