{"id":12566,"date":"2023-11-04T00:05:15","date_gmt":"2023-11-03T23:05:15","guid":{"rendered":"http:\/\/innocentiemangonipiante.it\/cedrus-deodara\/"},"modified":"2023-11-06T14:16:27","modified_gmt":"2023-11-06T13:16:27","slug":"cedrus-deodara","status":"publish","type":"product","link":"https:\/\/innocentiemangonipiante.it\/fr\/cedrus-deodara\/","title":{"rendered":"CEDRUS deodara"},"content":{"rendered":"<p>\u2018\u2018C\u00e8dre de l\u2019Himalaya\u201d. Conif\u00e8re au port largement conique et \u00e0 la croissance assez rapide. Les extr\u00e9mit\u00e9s des branches lat\u00e9rales sont souples, flexibles et retombantes. Les feuilles sont constitu\u00e9es de verticilles de 20 \u00e0 30 aiguilles de couleur vert brillant \u00e0 glauque, pointues mais moins rigides par rapport aux vari\u00e9t\u00e9s \u2018Atlantica\u2019. Il donne des c\u00f4nes femelles d\u2019abord verts, puis marron clair avec des reflets glauques d\u2019une longueur de 8 \u00e0 12 cm.<\/p>\n","protected":false},"excerpt":{"rendered":"<p>\u2018\u2018C\u00e8dre de l\u2019Himalaya\u201d. Conif\u00e8re au port largement conique et \u00e0 la croissance assez rapide. Les extr\u00e9mit\u00e9s des branches lat\u00e9rales sont souples, flexibles et retombantes. Les feuilles sont constitu\u00e9es de verticilles de 20 \u00e0 30 aiguilles de couleur vert brillant \u00e0 glauque, pointues mais moins rigides par rapport aux vari\u00e9t\u00e9s \u2018Atlantica\u2019. Il donne des c\u00f4nes femelles [&hellip;]<\/p>\n","protected":false},"featured_media":1499,"template":"","meta":{"_acf_changed":false},"product_brand":[],"product_cat":[8824],"product_tag":[10897],"class_list":{"0":"post-12566","1":"product","2":"type-product","3":"status-publish","4":"has-post-thumbnail","6":"product_cat-coniferes","7":"product_tag-naturelle","8":"pa_altezza-massima-30-metres","9":"pa_altezza-massima-40-metres","10":"pa_condizionamento-clt-fr","11":"pa_condizionamento-vs-fr","12":"pa_condizionamento-motte","13":"pa_famiglia-pinaceae-fr","14":"pa_genere-cedrus-fr","15":"pa_origine-himalaya-fr","16":"pa_portamento-piramidale-fr","17":"pa_resistenza-climatica-moyenne-elevee","18":"pa_resistenza-del-suolo-resistant-au-sol-humide","19":"pa_resistenza-del-suolo-resistant-aux-sols-secs","20":"pa_utilizzo-parcs","22":"first","23":"instock","24":"purchasable","25":"product-type-simple"},"acf":[],"_links":{"self":[{"href":"https:\/\/innocentiemangonipiante.it\/fr\/wp-json\/wp\/v2\/product\/12566","targetHints":{"allow":["GET"]}}],"collection":[{"href":"https:\/\/innocentiemangonipiante.it\/fr\/wp-json\/wp\/v2\/product"}],"about":[{"href":"https:\/\/innocentiemangonipiante.it\/fr\/wp-json\/wp\/v2\/types\/product"}],"wp:featuredmedia":[{"embeddable":true,"href":"https:\/\/innocentiemangonipiante.it\/fr\/wp-json\/wp\/v2\/media\/1499"}],"wp:attachment":[{"href":"https:\/\/innocentiemangonipiante.it\/fr\/wp-json\/wp\/v2\/media?parent=12566"}],"wp:term":[{"taxonomy":"product_brand","embeddable":true,"href":"https:\/\/innocentiemangonipiante.it\/fr\/wp-json\/wp\/v2\/product_brand?post=12566"},{"taxonomy":"product_cat","embeddable":true,"href":"https:\/\/innocentiemangonipiante.it\/fr\/wp-json\/wp\/v2\/product_cat?post=12566"},{"taxonomy":"product_tag","embeddable":true,"href":"https:\/\/innocentiemangonipiante.it\/fr\/wp-json\/wp\/v2\/product_tag?post=12566"}],"curies":[{"name":"wp","href":"https:\/\/api.w.org\/{rel}","templated":true}]}}