{"id":12569,"date":"2023-11-04T00:04:54","date_gmt":"2023-11-03T23:04:54","guid":{"rendered":"http:\/\/innocentiemangonipiante.it\/cedrus-atlantica-glauca\/"},"modified":"2023-11-06T14:16:10","modified_gmt":"2023-11-06T13:16:10","slug":"cedrus-atlantica-glauca","status":"publish","type":"product","link":"https:\/\/innocentiemangonipiante.it\/fr\/cedrus-atlantica-glauca\/","title":{"rendered":"CEDRUS atlantica &lsquo;Glauca&rsquo;"},"content":{"rendered":"<p>\u201cC\u00e8dre bleu\u201d. Grand conif\u00e8re au port largement conique. Les aiguilles, d\u2019un gris bleu lumineux, sont d\u2019une longueur de 2 \u00e0 2,5 cm, dispos\u00e9es en spirales sur les branches les plus longues et regroup\u00e9es en rosettes denses sur les branches les plus courtes. Produit des c\u00f4nes d\u2019une longueur de 10 cm d\u2019abord verts puis marron-gris.<\/p>\n","protected":false},"excerpt":{"rendered":"<p>\u201cC\u00e8dre bleu\u201d. Grand conif\u00e8re au port largement conique. Les aiguilles, d\u2019un gris bleu lumineux, sont d\u2019une longueur de 2 \u00e0 2,5 cm, dispos\u00e9es en spirales sur les branches les plus longues et regroup\u00e9es en rosettes denses sur les branches les plus courtes. Produit des c\u00f4nes d\u2019une longueur de 10 cm d\u2019abord verts puis marron-gris.<\/p>\n","protected":false},"featured_media":1492,"template":"","meta":{"_acf_changed":false},"product_brand":[],"product_cat":[8824],"product_tag":[10897,6263],"class_list":{"0":"post-12569","1":"product","2":"type-product","3":"status-publish","4":"has-post-thumbnail","6":"product_cat-coniferes","7":"product_tag-naturelle","8":"product_tag-pompons-fr","9":"pa_altezza-massima-20-metres","10":"pa_altezza-massima-30-metres","11":"pa_colore-delle-foglie-grises","12":"pa_condizionamento-clt-fr","13":"pa_condizionamento-vs-fr","14":"pa_condizionamento-motte","15":"pa_famiglia-pinaceae-fr","16":"pa_genere-cedrus-fr","17":"pa_inquinamento-resistance-a-la-pollution","18":"pa_origine-afrique-du-nord","19":"pa_portamento-piramidale-fr","20":"pa_resistenza-climatica-tres-elevee","21":"pa_resistenza-del-suolo-resistant-aux-sols-calcaires","22":"pa_resistenza-del-suolo-resistant-aux-sols-pauvres","23":"pa_resistenza-del-suolo-resistant-aux-sols-secs","24":"pa_utilizzo-parcs","26":"first","27":"instock","28":"purchasable","29":"product-type-simple"},"acf":[],"_links":{"self":[{"href":"https:\/\/innocentiemangonipiante.it\/fr\/wp-json\/wp\/v2\/product\/12569","targetHints":{"allow":["GET"]}}],"collection":[{"href":"https:\/\/innocentiemangonipiante.it\/fr\/wp-json\/wp\/v2\/product"}],"about":[{"href":"https:\/\/innocentiemangonipiante.it\/fr\/wp-json\/wp\/v2\/types\/product"}],"wp:featuredmedia":[{"embeddable":true,"href":"https:\/\/innocentiemangonipiante.it\/fr\/wp-json\/wp\/v2\/media\/1492"}],"wp:attachment":[{"href":"https:\/\/innocentiemangonipiante.it\/fr\/wp-json\/wp\/v2\/media?parent=12569"}],"wp:term":[{"taxonomy":"product_brand","embeddable":true,"href":"https:\/\/innocentiemangonipiante.it\/fr\/wp-json\/wp\/v2\/product_brand?post=12569"},{"taxonomy":"product_cat","embeddable":true,"href":"https:\/\/innocentiemangonipiante.it\/fr\/wp-json\/wp\/v2\/product_cat?post=12569"},{"taxonomy":"product_tag","embeddable":true,"href":"https:\/\/innocentiemangonipiante.it\/fr\/wp-json\/wp\/v2\/product_tag?post=12569"}],"curies":[{"name":"wp","href":"https:\/\/api.w.org\/{rel}","templated":true}]}}