{"id":12570,"date":"2023-11-04T00:04:39","date_gmt":"2023-11-03T23:04:39","guid":{"rendered":"http:\/\/innocentiemangonipiante.it\/cedrus-atlantica-glauca-fastigiata\/"},"modified":"2023-11-06T14:16:02","modified_gmt":"2023-11-06T13:16:02","slug":"cedrus-atlantica-glauca-fastigiata","status":"publish","type":"product","link":"https:\/\/innocentiemangonipiante.it\/fr\/cedrus-atlantica-glauca-fastigiata\/","title":{"rendered":"CEDRUS atlantica &lsquo;Glauca Fastigiata&rsquo;"},"content":{"rendered":"<p>Conif\u00e8re droite avec feuillage serr\u00e9 glauche aux reflects argent\u00e9s.<\/p>\n","protected":false},"excerpt":{"rendered":"<p>Conif\u00e8re droite avec feuillage serr\u00e9 glauche aux reflects argent\u00e9s.<\/p>\n","protected":false},"featured_media":1485,"template":"","meta":{"_acf_changed":false},"product_brand":[],"product_cat":[8824],"product_tag":[10897],"class_list":{"0":"post-12570","1":"product","2":"type-product","3":"status-publish","4":"has-post-thumbnail","6":"product_cat-coniferes","7":"product_tag-naturelle","8":"pa_altezza-massima-800-fr","9":"pa_altezza-massima-1000-fr-2","10":"pa_colore-delle-foglie-grises","11":"pa_condizionamento-clt-fr","12":"pa_condizionamento-motte","13":"pa_famiglia-pinaceae-fr","14":"pa_genere-cedrus-fr","15":"pa_origine-asie-centrale","16":"pa_portamento-fastigiato-fr","17":"pa_resistenza-climatica-tres-elevee","18":"pa_utilizzo-parcs","20":"first","21":"instock","22":"purchasable","23":"product-type-simple"},"acf":[],"_links":{"self":[{"href":"https:\/\/innocentiemangonipiante.it\/fr\/wp-json\/wp\/v2\/product\/12570","targetHints":{"allow":["GET"]}}],"collection":[{"href":"https:\/\/innocentiemangonipiante.it\/fr\/wp-json\/wp\/v2\/product"}],"about":[{"href":"https:\/\/innocentiemangonipiante.it\/fr\/wp-json\/wp\/v2\/types\/product"}],"wp:featuredmedia":[{"embeddable":true,"href":"https:\/\/innocentiemangonipiante.it\/fr\/wp-json\/wp\/v2\/media\/1485"}],"wp:attachment":[{"href":"https:\/\/innocentiemangonipiante.it\/fr\/wp-json\/wp\/v2\/media?parent=12570"}],"wp:term":[{"taxonomy":"product_brand","embeddable":true,"href":"https:\/\/innocentiemangonipiante.it\/fr\/wp-json\/wp\/v2\/product_brand?post=12570"},{"taxonomy":"product_cat","embeddable":true,"href":"https:\/\/innocentiemangonipiante.it\/fr\/wp-json\/wp\/v2\/product_cat?post=12570"},{"taxonomy":"product_tag","embeddable":true,"href":"https:\/\/innocentiemangonipiante.it\/fr\/wp-json\/wp\/v2\/product_tag?post=12570"}],"curies":[{"name":"wp","href":"https:\/\/api.w.org\/{rel}","templated":true}]}}