{"id":12571,"date":"2023-11-04T00:04:33","date_gmt":"2023-11-03T23:04:33","guid":{"rendered":"http:\/\/innocentiemangonipiante.it\/cedrus-atlantica-fastigiata\/"},"modified":"2023-11-06T14:15:59","modified_gmt":"2023-11-06T13:15:59","slug":"cedrus-atlantica-fastigiata","status":"publish","type":"product","link":"https:\/\/innocentiemangonipiante.it\/fr\/cedrus-atlantica-fastigiata\/","title":{"rendered":"CEDRUS atlantica &lsquo;Fastigiata&rsquo;"},"content":{"rendered":"<p>Conif\u00e8re au port \u00e9troit et \u00e9rig\u00e9. Les aiguilles, de couleur vert clair, sont rigides, pointues et mesurent de 1,5 \u00e0 2 cm. L\u2019\u00e9corce gris argent\u00e9 se fissure au fil des ann\u00e9es.<\/p>\n","protected":false},"excerpt":{"rendered":"<p>Conif\u00e8re au port \u00e9troit et \u00e9rig\u00e9. Les aiguilles, de couleur vert clair, sont rigides, pointues et mesurent de 1,5 \u00e0 2 cm. L\u2019\u00e9corce gris argent\u00e9 se fissure au fil des ann\u00e9es.<\/p>\n","protected":false},"featured_media":1479,"template":"","meta":{"_acf_changed":false},"product_brand":[],"product_cat":[8824],"product_tag":[10897],"class_list":{"0":"post-12571","1":"product","2":"type-product","3":"status-publish","4":"has-post-thumbnail","6":"product_cat-coniferes","7":"product_tag-naturelle","8":"pa_altezza-massima-1000-fr-2","9":"pa_altezza-massima-15-metres","10":"pa_condizionamento-clt-fr","11":"pa_condizionamento-motte","12":"pa_famiglia-pinaceae-fr","13":"pa_genere-cedrus-fr","14":"pa_origine-france-fr","15":"pa_portamento-fastigiato-fr","16":"pa_resistenza-climatica-tres-elevee","17":"pa_resistenza-del-suolo-resistant-aux-sols-calcaires","18":"pa_resistenza-del-suolo-resistant-aux-sols-pauvres","19":"pa_resistenza-del-suolo-resistant-aux-sols-secs","20":"pa_utilizzo-parcs","22":"first","23":"instock","24":"purchasable","25":"product-type-simple"},"acf":[],"_links":{"self":[{"href":"https:\/\/innocentiemangonipiante.it\/fr\/wp-json\/wp\/v2\/product\/12571","targetHints":{"allow":["GET"]}}],"collection":[{"href":"https:\/\/innocentiemangonipiante.it\/fr\/wp-json\/wp\/v2\/product"}],"about":[{"href":"https:\/\/innocentiemangonipiante.it\/fr\/wp-json\/wp\/v2\/types\/product"}],"wp:featuredmedia":[{"embeddable":true,"href":"https:\/\/innocentiemangonipiante.it\/fr\/wp-json\/wp\/v2\/media\/1479"}],"wp:attachment":[{"href":"https:\/\/innocentiemangonipiante.it\/fr\/wp-json\/wp\/v2\/media?parent=12571"}],"wp:term":[{"taxonomy":"product_brand","embeddable":true,"href":"https:\/\/innocentiemangonipiante.it\/fr\/wp-json\/wp\/v2\/product_brand?post=12571"},{"taxonomy":"product_cat","embeddable":true,"href":"https:\/\/innocentiemangonipiante.it\/fr\/wp-json\/wp\/v2\/product_cat?post=12571"},{"taxonomy":"product_tag","embeddable":true,"href":"https:\/\/innocentiemangonipiante.it\/fr\/wp-json\/wp\/v2\/product_tag?post=12571"}],"curies":[{"name":"wp","href":"https:\/\/api.w.org\/{rel}","templated":true}]}}