{"id":12573,"date":"2023-11-04T00:06:38","date_gmt":"2023-11-03T23:06:38","guid":{"rendered":"http:\/\/innocentiemangonipiante.it\/celtis-occidentalis\/"},"modified":"2023-11-06T14:17:09","modified_gmt":"2023-11-06T13:17:09","slug":"celtis-occidentalis","status":"publish","type":"product","link":"https:\/\/innocentiemangonipiante.it\/fr\/celtis-occidentalis\/","title":{"rendered":"CELTIS occidentalis"},"content":{"rendered":"<p>Arbre caduc de taille mi-grande avec branches droites qui forment des vo\u00fbtes et t\u00eate arrondie. Feuillage vert clair, jaune en automne. Cette s\u00e9lection produit des petites baies qui virent du orange-rouge au pourpre fonc\u00e9 en automne. Arriv\u00e8 \u00e0 maturit\u00e9, l&rsquo;\u00e9corce grise developpe une consistence verruqueuse et rugueuse.<\/p>\n","protected":false},"excerpt":{"rendered":"<p>Arbre caduc de taille mi-grande avec branches droites qui forment des vo\u00fbtes et t\u00eate arrondie. Feuillage vert clair, jaune en automne. Cette s\u00e9lection produit des petites baies qui virent du orange-rouge au pourpre fonc\u00e9 en automne. Arriv\u00e8 \u00e0 maturit\u00e9, l&rsquo;\u00e9corce grise developpe une consistence verruqueuse et rugueuse.<\/p>\n","protected":false},"featured_media":1554,"template":"","meta":{"_acf_changed":false},"product_brand":[],"product_cat":[8812],"product_tag":[10897,8400],"class_list":{"0":"post-12573","1":"product","2":"type-product","3":"status-publish","4":"has-post-thumbnail","6":"product_cat-arbres-et-arbustes-a-feuilles-caduques","7":"product_tag-naturelle","8":"product_tag-tige","9":"pa_altezza-massima-1000-fr-2","10":"pa_altezza-massima-15-metres","11":"pa_condizionamento-clt-fr","12":"pa_condizionamento-motte","13":"pa_famiglia-ulmaceae-fr-2","14":"pa_genere-celtis-fr","15":"pa_origine-origine-delle-piante-u-s-a","16":"pa_portamento-arrondi","17":"pa_resistenza-climatica-tres-elevee","18":"pa_utilizzo-avenues-fr","20":"first","21":"instock","22":"purchasable","23":"product-type-simple"},"acf":[],"_links":{"self":[{"href":"https:\/\/innocentiemangonipiante.it\/fr\/wp-json\/wp\/v2\/product\/12573","targetHints":{"allow":["GET"]}}],"collection":[{"href":"https:\/\/innocentiemangonipiante.it\/fr\/wp-json\/wp\/v2\/product"}],"about":[{"href":"https:\/\/innocentiemangonipiante.it\/fr\/wp-json\/wp\/v2\/types\/product"}],"wp:featuredmedia":[{"embeddable":true,"href":"https:\/\/innocentiemangonipiante.it\/fr\/wp-json\/wp\/v2\/media\/1554"}],"wp:attachment":[{"href":"https:\/\/innocentiemangonipiante.it\/fr\/wp-json\/wp\/v2\/media?parent=12573"}],"wp:term":[{"taxonomy":"product_brand","embeddable":true,"href":"https:\/\/innocentiemangonipiante.it\/fr\/wp-json\/wp\/v2\/product_brand?post=12573"},{"taxonomy":"product_cat","embeddable":true,"href":"https:\/\/innocentiemangonipiante.it\/fr\/wp-json\/wp\/v2\/product_cat?post=12573"},{"taxonomy":"product_tag","embeddable":true,"href":"https:\/\/innocentiemangonipiante.it\/fr\/wp-json\/wp\/v2\/product_tag?post=12573"}],"curies":[{"name":"wp","href":"https:\/\/api.w.org\/{rel}","templated":true}]}}