{"id":12575,"date":"2023-11-04T00:07:05","date_gmt":"2023-11-03T23:07:05","guid":{"rendered":"http:\/\/innocentiemangonipiante.it\/cephalotaxus-harringtonia-fastigiata\/"},"modified":"2023-11-06T14:17:21","modified_gmt":"2023-11-06T13:17:21","slug":"cephalotaxus-harringtonia-fastigiata","status":"publish","type":"product","link":"https:\/\/innocentiemangonipiante.it\/fr\/cephalotaxus-harringtonia-fastigiata\/","title":{"rendered":"CEPHALOTAXUS harringtonia &lsquo;Fastigiata&rsquo;"},"content":{"rendered":"<p>Conif\u00e8re arbustive \u00e0 la croissance lente et au port \u00e9rig\u00e9. Les feuilles, dispos\u00e9es de fa\u00e7on radiale, d\u2019une longueur de 8 cm, lin\u00e9aires ou l\u00e9g\u00e8rement recourb\u00e9es, sont de couleur vert fonc\u00e9 brillant.<\/p>\n","protected":false},"excerpt":{"rendered":"<p>Conif\u00e8re arbustive \u00e0 la croissance lente et au port \u00e9rig\u00e9. Les feuilles, dispos\u00e9es de fa\u00e7on radiale, d\u2019une longueur de 8 cm, lin\u00e9aires ou l\u00e9g\u00e8rement recourb\u00e9es, sont de couleur vert fonc\u00e9 brillant.<\/p>\n","protected":false},"featured_media":1560,"template":"","meta":{"_acf_changed":false},"product_brand":[],"product_cat":[8824],"product_tag":[10897],"class_list":{"0":"post-12575","1":"product","2":"type-product","3":"status-publish","4":"has-post-thumbnail","6":"product_cat-coniferes","7":"product_tag-naturelle","8":"pa_altezza-massima-300-fr-2","9":"pa_altezza-massima-500-fr","10":"pa_condizionamento-clt-fr","11":"pa_condizionamento-vs-fr","12":"pa_famiglia-cephalotaxaceae-fr","13":"pa_genere-cephalotaxus-fr","14":"pa_origine-asie-orientale","15":"pa_portamento-fastigiato-fr","16":"pa_resistenza-climatica-tres-elevee","17":"pa_resistenza-del-suolo-resistant-aux-sols-calcaires","18":"pa_resistenza-del-suolo-resistant-aux-sols-secs","19":"pa_utilizzo-parcs","21":"first","22":"instock","23":"purchasable","24":"product-type-simple"},"acf":[],"_links":{"self":[{"href":"https:\/\/innocentiemangonipiante.it\/fr\/wp-json\/wp\/v2\/product\/12575","targetHints":{"allow":["GET"]}}],"collection":[{"href":"https:\/\/innocentiemangonipiante.it\/fr\/wp-json\/wp\/v2\/product"}],"about":[{"href":"https:\/\/innocentiemangonipiante.it\/fr\/wp-json\/wp\/v2\/types\/product"}],"wp:featuredmedia":[{"embeddable":true,"href":"https:\/\/innocentiemangonipiante.it\/fr\/wp-json\/wp\/v2\/media\/1560"}],"wp:attachment":[{"href":"https:\/\/innocentiemangonipiante.it\/fr\/wp-json\/wp\/v2\/media?parent=12575"}],"wp:term":[{"taxonomy":"product_brand","embeddable":true,"href":"https:\/\/innocentiemangonipiante.it\/fr\/wp-json\/wp\/v2\/product_brand?post=12575"},{"taxonomy":"product_cat","embeddable":true,"href":"https:\/\/innocentiemangonipiante.it\/fr\/wp-json\/wp\/v2\/product_cat?post=12575"},{"taxonomy":"product_tag","embeddable":true,"href":"https:\/\/innocentiemangonipiante.it\/fr\/wp-json\/wp\/v2\/product_tag?post=12575"}],"curies":[{"name":"wp","href":"https:\/\/api.w.org\/{rel}","templated":true}]}}