{"id":12576,"date":"2023-11-04T00:07:17","date_gmt":"2023-11-03T23:07:17","guid":{"rendered":"http:\/\/innocentiemangonipiante.it\/ceratonia-siliqua\/"},"modified":"2023-11-06T14:17:27","modified_gmt":"2023-11-06T13:17:27","slug":"ceratonia-siliqua","status":"publish","type":"product","link":"https:\/\/innocentiemangonipiante.it\/fr\/ceratonia-siliqua\/","title":{"rendered":"CERATONIA siliqua"},"content":{"rendered":"<p>Grande arbre, tipique des climats m\u00e9diterran\u00e9ens. Les feuilles sont de couleur vert fonc\u00e9 luisant.<\/p>\n","protected":false},"excerpt":{"rendered":"<p>Grande arbre, tipique des climats m\u00e9diterran\u00e9ens. Les feuilles sont de couleur vert fonc\u00e9 luisant.<\/p>\n","protected":false},"featured_media":1571,"template":"","meta":{"_acf_changed":false},"product_brand":[],"product_cat":[8817],"product_tag":[10897,8400],"class_list":{"0":"post-12576","1":"product","2":"type-product","3":"status-publish","4":"has-post-thumbnail","6":"product_cat-arbres-et-arbustes-persistants","7":"product_tag-naturelle","8":"product_tag-tige","9":"pa_altezza-massima-800-fr","10":"pa_altezza-massima-12-metres","11":"pa_condizionamento-clt-fr","12":"pa_condizionamento-vs-fr","13":"pa_famiglia-leguminosae-fr","14":"pa_genere-ceratonia-fr","15":"pa_origine-sud-de-leurope-fr","16":"pa_portamento-arrondi","17":"pa_resistenza-climatica-moyenne","18":"pa_resistenza-del-suolo-resistant-aux-sols-secs","19":"pa_utilizzo-parcs","21":"first","22":"instock","23":"purchasable","24":"product-type-simple"},"acf":[],"_links":{"self":[{"href":"https:\/\/innocentiemangonipiante.it\/fr\/wp-json\/wp\/v2\/product\/12576","targetHints":{"allow":["GET"]}}],"collection":[{"href":"https:\/\/innocentiemangonipiante.it\/fr\/wp-json\/wp\/v2\/product"}],"about":[{"href":"https:\/\/innocentiemangonipiante.it\/fr\/wp-json\/wp\/v2\/types\/product"}],"wp:featuredmedia":[{"embeddable":true,"href":"https:\/\/innocentiemangonipiante.it\/fr\/wp-json\/wp\/v2\/media\/1571"}],"wp:attachment":[{"href":"https:\/\/innocentiemangonipiante.it\/fr\/wp-json\/wp\/v2\/media?parent=12576"}],"wp:term":[{"taxonomy":"product_brand","embeddable":true,"href":"https:\/\/innocentiemangonipiante.it\/fr\/wp-json\/wp\/v2\/product_brand?post=12576"},{"taxonomy":"product_cat","embeddable":true,"href":"https:\/\/innocentiemangonipiante.it\/fr\/wp-json\/wp\/v2\/product_cat?post=12576"},{"taxonomy":"product_tag","embeddable":true,"href":"https:\/\/innocentiemangonipiante.it\/fr\/wp-json\/wp\/v2\/product_tag?post=12576"}],"curies":[{"name":"wp","href":"https:\/\/api.w.org\/{rel}","templated":true}]}}