{"id":12577,"date":"2023-11-04T00:07:31","date_gmt":"2023-11-03T23:07:31","guid":{"rendered":"http:\/\/innocentiemangonipiante.it\/ceratostigma-willmottianum\/"},"modified":"2023-11-06T14:17:31","modified_gmt":"2023-11-06T13:17:31","slug":"ceratostigma-willmottianum","status":"publish","type":"product","link":"https:\/\/innocentiemangonipiante.it\/fr\/ceratostigma-willmottianum\/","title":{"rendered":"CERATOSTIGMA willmottianum"},"content":{"rendered":"<p>Arbuste caduc avec belles feuilles vert moyen, bord\u00e9es de pourpre, qui virent au rouge en automne. De l\u2019\u00e9t\u00e9 \u00e0 l\u2019automne il porte des abondantes quantit\u00e9s de fleurs bleu intense.<\/p>\n","protected":false},"excerpt":{"rendered":"<p>Arbuste caduc avec belles feuilles vert moyen, bord\u00e9es de pourpre, qui virent au rouge en automne. De l\u2019\u00e9t\u00e9 \u00e0 l\u2019automne il porte des abondantes quantit\u00e9s de fleurs bleu intense.<\/p>\n","protected":false},"featured_media":1577,"template":"","meta":{"_acf_changed":false},"product_brand":[],"product_cat":[8812],"product_tag":[10897],"class_list":{"0":"post-12577","1":"product","2":"type-product","3":"status-publish","4":"has-post-thumbnail","6":"product_cat-arbres-et-arbustes-a-feuilles-caduques","7":"product_tag-naturelle","8":"pa_altezza-massima-0_50-metres","9":"pa_altezza-massima-100-fr","10":"pa_colore-delle-foglie-panachees","11":"pa_colore-fioritura-azur","12":"pa_condizionamento-clt-fr","13":"pa_famiglia-plumbaginaceae-fr","14":"pa_genere-ceratostigma-fr","15":"pa_origine-chine","16":"pa_periodo-fioritura-aout","17":"pa_periodo-fioritura-juillet","18":"pa_periodo-fioritura-juin","19":"pa_periodo-fioritura-octobre","20":"pa_periodo-fioritura-septembre","21":"pa_portamento-cespuglioso-fr","22":"pa_resistenza-climatica-moyenne-elevee","23":"pa_resistenza-del-suolo-resistant-aux-sols-secs","24":"pa_salinita-resistance-a-la-salinisation","25":"pa_utilizzo-balcons","26":"pa_utilizzo-petits-jardins","28":"first","29":"instock","30":"purchasable","31":"product-type-simple"},"acf":[],"_links":{"self":[{"href":"https:\/\/innocentiemangonipiante.it\/fr\/wp-json\/wp\/v2\/product\/12577","targetHints":{"allow":["GET"]}}],"collection":[{"href":"https:\/\/innocentiemangonipiante.it\/fr\/wp-json\/wp\/v2\/product"}],"about":[{"href":"https:\/\/innocentiemangonipiante.it\/fr\/wp-json\/wp\/v2\/types\/product"}],"wp:featuredmedia":[{"embeddable":true,"href":"https:\/\/innocentiemangonipiante.it\/fr\/wp-json\/wp\/v2\/media\/1577"}],"wp:attachment":[{"href":"https:\/\/innocentiemangonipiante.it\/fr\/wp-json\/wp\/v2\/media?parent=12577"}],"wp:term":[{"taxonomy":"product_brand","embeddable":true,"href":"https:\/\/innocentiemangonipiante.it\/fr\/wp-json\/wp\/v2\/product_brand?post=12577"},{"taxonomy":"product_cat","embeddable":true,"href":"https:\/\/innocentiemangonipiante.it\/fr\/wp-json\/wp\/v2\/product_cat?post=12577"},{"taxonomy":"product_tag","embeddable":true,"href":"https:\/\/innocentiemangonipiante.it\/fr\/wp-json\/wp\/v2\/product_tag?post=12577"}],"curies":[{"name":"wp","href":"https:\/\/api.w.org\/{rel}","templated":true}]}}