{"id":12578,"date":"2023-11-04T00:07:40","date_gmt":"2023-11-03T23:07:40","guid":{"rendered":"http:\/\/innocentiemangonipiante.it\/cercidiphyllum-japonicum\/"},"modified":"2023-11-06T14:17:33","modified_gmt":"2023-11-06T13:17:33","slug":"cercidiphyllum-japonicum","status":"publish","type":"product","link":"https:\/\/innocentiemangonipiante.it\/fr\/cercidiphyllum-japonicum\/","title":{"rendered":"CERCIDIPHYLLUM japonicum"},"content":{"rendered":"<p>Arbre \u00e0 feuille caduque, de forme pyramidale \u00e0 arrondie, aux feuilles ov\u00e9es \u00e0 arrondies d\u2019une longueur de 10 cm de couleur bronze qui vire au jaune-orange en automne. Pr\u00e9f\u00e8re les sols riches et acides.<\/p>\n","protected":false},"excerpt":{"rendered":"<p>Arbre \u00e0 feuille caduque, de forme pyramidale \u00e0 arrondie, aux feuilles ov\u00e9es \u00e0 arrondies d\u2019une longueur de 10 cm de couleur bronze qui vire au jaune-orange en automne. Pr\u00e9f\u00e8re les sols riches et acides.<\/p>\n","protected":false},"featured_media":1583,"template":"","meta":{"_acf_changed":false},"product_brand":[],"product_cat":[8812],"product_tag":[10897],"class_list":{"0":"post-12578","1":"product","2":"type-product","3":"status-publish","4":"has-post-thumbnail","6":"product_cat-arbres-et-arbustes-a-feuilles-caduques","7":"product_tag-naturelle","8":"pa_altezza-massima-800-fr","9":"pa_altezza-massima-1000-fr-2","10":"pa_famiglia-cercidiphyllaceae-fr","11":"pa_genere-cercidiphyllum-fr","12":"pa_inquinamento-resistance-a-la-pollution","13":"pa_origine-asie-orientale","14":"pa_portamento-piramidale-fr","15":"pa_resistenza-climatica-moyenne-elevee","16":"pa_resistenza-del-suolo-resistant-aux-sols-calcaires","17":"pa_utilizzo-parcs","19":"first","20":"instock","21":"purchasable","22":"product-type-simple"},"acf":[],"_links":{"self":[{"href":"https:\/\/innocentiemangonipiante.it\/fr\/wp-json\/wp\/v2\/product\/12578","targetHints":{"allow":["GET"]}}],"collection":[{"href":"https:\/\/innocentiemangonipiante.it\/fr\/wp-json\/wp\/v2\/product"}],"about":[{"href":"https:\/\/innocentiemangonipiante.it\/fr\/wp-json\/wp\/v2\/types\/product"}],"wp:featuredmedia":[{"embeddable":true,"href":"https:\/\/innocentiemangonipiante.it\/fr\/wp-json\/wp\/v2\/media\/1583"}],"wp:attachment":[{"href":"https:\/\/innocentiemangonipiante.it\/fr\/wp-json\/wp\/v2\/media?parent=12578"}],"wp:term":[{"taxonomy":"product_brand","embeddable":true,"href":"https:\/\/innocentiemangonipiante.it\/fr\/wp-json\/wp\/v2\/product_brand?post=12578"},{"taxonomy":"product_cat","embeddable":true,"href":"https:\/\/innocentiemangonipiante.it\/fr\/wp-json\/wp\/v2\/product_cat?post=12578"},{"taxonomy":"product_tag","embeddable":true,"href":"https:\/\/innocentiemangonipiante.it\/fr\/wp-json\/wp\/v2\/product_tag?post=12578"}],"curies":[{"name":"wp","href":"https:\/\/api.w.org\/{rel}","templated":true}]}}