{"id":12579,"date":"2023-11-04T00:09:35","date_gmt":"2023-11-03T23:09:35","guid":{"rendered":"http:\/\/innocentiemangonipiante.it\/cercis-siliquastrum\/"},"modified":"2023-11-06T14:18:53","modified_gmt":"2023-11-06T13:18:53","slug":"cercis-siliquastrum","status":"publish","type":"product","link":"https:\/\/innocentiemangonipiante.it\/fr\/cercis-siliquastrum\/","title":{"rendered":"CERCIS siliquastrum"},"content":{"rendered":"<p>\u201cArbre de Jud\u00e9e\u201d. Grand arbre ou arbuste \u00e0 feuille caduque au port \u00e9rig\u00e9. Feuilles altern\u00e9es, \u00e0 la forme arrondie, d\u2019une longueur de 7 \u00e0 12 cm, de vert \u00e0 vert clair. Fleurs en grappes de couleur rose s\u2019\u00e9panouissant souvent directement sur les branches charpenti\u00e8res. Supporte bien les sols calcaires.<\/p>\n","protected":false},"excerpt":{"rendered":"<p>\u201cArbre de Jud\u00e9e\u201d. Grand arbre ou arbuste \u00e0 feuille caduque au port \u00e9rig\u00e9. Feuilles altern\u00e9es, \u00e0 la forme arrondie, d\u2019une longueur de 7 \u00e0 12 cm, de vert \u00e0 vert clair. Fleurs en grappes de couleur rose s\u2019\u00e9panouissant souvent directement sur les branches charpenti\u00e8res. Supporte bien les sols calcaires.<\/p>\n","protected":false},"featured_media":1613,"template":"","meta":{"_acf_changed":false},"product_brand":[],"product_cat":[8812,9230],"product_tag":[10897,8596,6255,8400],"class_list":{"0":"post-12579","1":"product","2":"type-product","3":"status-publish","4":"has-post-thumbnail","6":"product_cat-arbres-et-arbustes-a-feuilles-caduques","7":"product_cat-arbres-et-plantes-du-futur","8":"product_tag-naturelle","9":"product_tag-cepee","10":"product_tag-demi-tige","11":"product_tag-tige","12":"pa_altezza-massima-800-fr","13":"pa_altezza-massima-1000-fr-2","14":"pa_colore-fioritura-rose","15":"pa_condizionamento-clt-fr","16":"pa_condizionamento-vs-fr","17":"pa_condizionamento-motte","18":"pa_famiglia-leguminosae-fr","19":"pa_genere-cercis-fr","20":"pa_origine-moyen-orient","21":"pa_periodo-fioritura-avril","22":"pa_portamento-arrondi","23":"pa_resistenza-climatica-tres-elevee","24":"pa_resistenza-del-suolo-resistant-aux-sols-calcaires","25":"pa_resistenza-del-suolo-resistant-aux-sols-secs","26":"pa_salinita-resistance-a-la-salinisation","27":"pa_utilizzo-parcs","28":"pa_utilizzo-petits-jardins","30":"first","31":"instock","32":"purchasable","33":"product-type-simple"},"acf":[],"_links":{"self":[{"href":"https:\/\/innocentiemangonipiante.it\/fr\/wp-json\/wp\/v2\/product\/12579","targetHints":{"allow":["GET"]}}],"collection":[{"href":"https:\/\/innocentiemangonipiante.it\/fr\/wp-json\/wp\/v2\/product"}],"about":[{"href":"https:\/\/innocentiemangonipiante.it\/fr\/wp-json\/wp\/v2\/types\/product"}],"wp:featuredmedia":[{"embeddable":true,"href":"https:\/\/innocentiemangonipiante.it\/fr\/wp-json\/wp\/v2\/media\/1613"}],"wp:attachment":[{"href":"https:\/\/innocentiemangonipiante.it\/fr\/wp-json\/wp\/v2\/media?parent=12579"}],"wp:term":[{"taxonomy":"product_brand","embeddable":true,"href":"https:\/\/innocentiemangonipiante.it\/fr\/wp-json\/wp\/v2\/product_brand?post=12579"},{"taxonomy":"product_cat","embeddable":true,"href":"https:\/\/innocentiemangonipiante.it\/fr\/wp-json\/wp\/v2\/product_cat?post=12579"},{"taxonomy":"product_tag","embeddable":true,"href":"https:\/\/innocentiemangonipiante.it\/fr\/wp-json\/wp\/v2\/product_tag?post=12579"}],"curies":[{"name":"wp","href":"https:\/\/api.w.org\/{rel}","templated":true}]}}