{"id":12580,"date":"2023-11-04T00:08:59","date_gmt":"2023-11-03T23:08:59","guid":{"rendered":"http:\/\/innocentiemangonipiante.it\/cercis-canadensis-texas-white\/"},"modified":"2023-11-06T14:18:04","modified_gmt":"2023-11-06T13:18:04","slug":"cercis-canadensis-texas-white","status":"publish","type":"product","link":"https:\/\/innocentiemangonipiante.it\/fr\/cercis-canadensis-texas-white\/","title":{"rendered":"CERCIS canadensis &lsquo;Texas White&rsquo;"},"content":{"rendered":"<p>A la diff\u00e9rence de l\u2019esp\u00e8ce, cette vari\u00e9t\u00e9 n\u2019a pas la feuille typique en forme de c\u0153ur, mais celle-ci est plus arrondie et brillante, avec la marge ondul\u00e9e. Au printemps, elle produit des fleurs blanches.<\/p>\n","protected":false},"excerpt":{"rendered":"<p>A la diff\u00e9rence de l\u2019esp\u00e8ce, cette vari\u00e9t\u00e9 n\u2019a pas la feuille typique en forme de c\u0153ur, mais celle-ci est plus arrondie et brillante, avec la marge ondul\u00e9e. Au printemps, elle produit des fleurs blanches.<\/p>\n","protected":false},"featured_media":1601,"template":"","meta":{"_acf_changed":false},"product_brand":[],"product_cat":[8812],"product_tag":[10897,8400],"class_list":{"0":"post-12580","1":"product","2":"type-product","3":"status-publish","4":"has-post-thumbnail","6":"product_cat-arbres-et-arbustes-a-feuilles-caduques","7":"product_tag-naturelle","8":"product_tag-tige","9":"pa_altezza-massima-300-fr-2","10":"pa_altezza-massima-400-fr","11":"pa_colore-delle-foglie-rouge","12":"pa_colore-fioritura-blanc","13":"pa_condizionamento-clt-fr","14":"pa_condizionamento-motte","15":"pa_famiglia-leguminosae-fr","16":"pa_genere-cercis-fr","17":"pa_origine-origine-delle-piante-u-s-a","18":"pa_periodo-fioritura-avril","19":"pa_portamento-arrondi","20":"pa_resistenza-climatica-tres-elevee","21":"pa_resistenza-del-suolo-resistant-aux-sols-calcaires","22":"pa_utilizzo-petits-jardins","24":"first","25":"instock","26":"purchasable","27":"product-type-simple"},"acf":[],"_links":{"self":[{"href":"https:\/\/innocentiemangonipiante.it\/fr\/wp-json\/wp\/v2\/product\/12580","targetHints":{"allow":["GET"]}}],"collection":[{"href":"https:\/\/innocentiemangonipiante.it\/fr\/wp-json\/wp\/v2\/product"}],"about":[{"href":"https:\/\/innocentiemangonipiante.it\/fr\/wp-json\/wp\/v2\/types\/product"}],"wp:featuredmedia":[{"embeddable":true,"href":"https:\/\/innocentiemangonipiante.it\/fr\/wp-json\/wp\/v2\/media\/1601"}],"wp:attachment":[{"href":"https:\/\/innocentiemangonipiante.it\/fr\/wp-json\/wp\/v2\/media?parent=12580"}],"wp:term":[{"taxonomy":"product_brand","embeddable":true,"href":"https:\/\/innocentiemangonipiante.it\/fr\/wp-json\/wp\/v2\/product_brand?post=12580"},{"taxonomy":"product_cat","embeddable":true,"href":"https:\/\/innocentiemangonipiante.it\/fr\/wp-json\/wp\/v2\/product_cat?post=12580"},{"taxonomy":"product_tag","embeddable":true,"href":"https:\/\/innocentiemangonipiante.it\/fr\/wp-json\/wp\/v2\/product_tag?post=12580"}],"curies":[{"name":"wp","href":"https:\/\/api.w.org\/{rel}","templated":true}]}}