{"id":12581,"date":"2023-11-04T00:08:24","date_gmt":"2023-11-03T23:08:24","guid":{"rendered":"http:\/\/innocentiemangonipiante.it\/cercis-canadensis-merlot\/"},"modified":"2023-11-06T14:17:51","modified_gmt":"2023-11-06T13:17:51","slug":"cercis-canadensis-merlot","status":"publish","type":"product","link":"https:\/\/innocentiemangonipiante.it\/fr\/cercis-canadensis-merlot\/","title":{"rendered":"CERCIS canadensis &lsquo;Merlot&rsquo; \u00ae"},"content":{"rendered":"<p>Petit arbre ou grand arbuste caduc \u00e0 port expans\u00e9. Les feuilles cordiformes sont d\u2019un violet in- tense, brillantes sur la tranche sup\u00e9rieure. Au printemps, il produit des fleurs couleur lavande. Vari\u00e9t\u00e9 tr\u00e8s r\u00e9sistante \u00e0 la s\u00e9cheresse.<\/p>\n","protected":false},"excerpt":{"rendered":"<p>Petit arbre ou grand arbuste caduc \u00e0 port expans\u00e9. Les feuilles cordiformes sont d\u2019un violet in- tense, brillantes sur la tranche sup\u00e9rieure. Au printemps, il produit des fleurs couleur lavande. Vari\u00e9t\u00e9 tr\u00e8s r\u00e9sistante \u00e0 la s\u00e9cheresse.<\/p>\n","protected":false},"featured_media":1595,"template":"","meta":{"_acf_changed":false},"product_brand":[],"product_cat":[8812],"product_tag":[10897,10900,8400],"class_list":{"0":"post-12581","1":"product","2":"type-product","3":"status-publish","4":"has-post-thumbnail","6":"product_cat-arbres-et-arbustes-a-feuilles-caduques","7":"product_tag-naturelle","8":"product_tag-tbb-fr-2","9":"product_tag-tige","10":"pa_altezza-massima-500-fr","11":"pa_altezza-massima-800-fr","12":"pa_colore-delle-foglie-rouge","13":"pa_colore-fioritura-lilas","14":"pa_condizionamento-clt-fr","15":"pa_condizionamento-motte","16":"pa_famiglia-leguminosae-fr","17":"pa_genere-cercis-fr","18":"pa_origine-origine-delle-piante-u-s-a","19":"pa_periodo-fioritura-avril","20":"pa_portamento-eretto-fr","21":"pa_resistenza-climatica-moyenne-elevee","22":"pa_resistenza-del-suolo-resistant-aux-sols-calcaires","23":"pa_utilizzo-petits-jardins","25":"first","26":"instock","27":"purchasable","28":"product-type-simple"},"acf":[],"_links":{"self":[{"href":"https:\/\/innocentiemangonipiante.it\/fr\/wp-json\/wp\/v2\/product\/12581","targetHints":{"allow":["GET"]}}],"collection":[{"href":"https:\/\/innocentiemangonipiante.it\/fr\/wp-json\/wp\/v2\/product"}],"about":[{"href":"https:\/\/innocentiemangonipiante.it\/fr\/wp-json\/wp\/v2\/types\/product"}],"wp:featuredmedia":[{"embeddable":true,"href":"https:\/\/innocentiemangonipiante.it\/fr\/wp-json\/wp\/v2\/media\/1595"}],"wp:attachment":[{"href":"https:\/\/innocentiemangonipiante.it\/fr\/wp-json\/wp\/v2\/media?parent=12581"}],"wp:term":[{"taxonomy":"product_brand","embeddable":true,"href":"https:\/\/innocentiemangonipiante.it\/fr\/wp-json\/wp\/v2\/product_brand?post=12581"},{"taxonomy":"product_cat","embeddable":true,"href":"https:\/\/innocentiemangonipiante.it\/fr\/wp-json\/wp\/v2\/product_cat?post=12581"},{"taxonomy":"product_tag","embeddable":true,"href":"https:\/\/innocentiemangonipiante.it\/fr\/wp-json\/wp\/v2\/product_tag?post=12581"}],"curies":[{"name":"wp","href":"https:\/\/api.w.org\/{rel}","templated":true}]}}