{"id":12582,"date":"2023-11-04T00:07:58","date_gmt":"2023-11-03T23:07:58","guid":{"rendered":"http:\/\/innocentiemangonipiante.it\/cercis-canadensis-forest-pansy\/"},"modified":"2023-11-06T14:17:40","modified_gmt":"2023-11-06T13:17:40","slug":"cercis-canadensis-forest-pansy","status":"publish","type":"product","link":"https:\/\/innocentiemangonipiante.it\/fr\/cercis-canadensis-forest-pansy\/","title":{"rendered":"CERCIS canadensis &lsquo;Forest Pansy&rsquo;"},"content":{"rendered":"<p>Petit arbre ou grand arbuste caduque au port \u00e9largi. Les feuilles en forme de coeurs, pointues ou sommet, longues jusqu\u2019\u00e0 10 cm elles sont d\u2019un rouge pourpre fonc\u00e9 tendantes au jaune en automne. Tr\u00e8s d\u00e9coratif en c\u00e9p\u00e9e pour planter en isol\u00e9 et id\u00e9al en forme tige pour alignements d\u2019effet.<\/p>\n","protected":false},"excerpt":{"rendered":"<p>Petit arbre ou grand arbuste caduque au port \u00e9largi. Les feuilles en forme de coeurs, pointues ou sommet, longues jusqu\u2019\u00e0 10 cm elles sont d\u2019un rouge pourpre fonc\u00e9 tendantes au jaune en automne. Tr\u00e8s d\u00e9coratif en c\u00e9p\u00e9e pour planter en isol\u00e9 et id\u00e9al en forme tige pour alignements d\u2019effet.<\/p>\n","protected":false},"featured_media":1589,"template":"","meta":{"_acf_changed":false},"product_brand":[],"product_cat":[8812],"product_tag":[10897,10900,8400],"class_list":{"0":"post-12582","1":"product","2":"type-product","3":"status-publish","4":"has-post-thumbnail","6":"product_cat-arbres-et-arbustes-a-feuilles-caduques","7":"product_tag-naturelle","8":"product_tag-tbb-fr-2","9":"product_tag-tige","10":"pa_altezza-massima-500-fr","11":"pa_altezza-massima-800-fr","12":"pa_colore-delle-foglie-rouge","13":"pa_colore-fioritura-rose","14":"pa_condizionamento-clt-fr","15":"pa_condizionamento-motte","16":"pa_famiglia-leguminosae-fr","17":"pa_genere-cercis-fr","18":"pa_origine-origine-delle-piante-u-s-a","19":"pa_periodo-fioritura-avril","20":"pa_portamento-eretto-fr","21":"pa_resistenza-climatica-tres-elevee","22":"pa_resistenza-del-suolo-resistant-aux-sols-calcaires","23":"pa_resistenza-del-suolo-resistant-aux-sols-secs","24":"pa_utilizzo-petits-jardins","26":"first","27":"instock","28":"purchasable","29":"product-type-simple"},"acf":[],"_links":{"self":[{"href":"https:\/\/innocentiemangonipiante.it\/fr\/wp-json\/wp\/v2\/product\/12582","targetHints":{"allow":["GET"]}}],"collection":[{"href":"https:\/\/innocentiemangonipiante.it\/fr\/wp-json\/wp\/v2\/product"}],"about":[{"href":"https:\/\/innocentiemangonipiante.it\/fr\/wp-json\/wp\/v2\/types\/product"}],"wp:featuredmedia":[{"embeddable":true,"href":"https:\/\/innocentiemangonipiante.it\/fr\/wp-json\/wp\/v2\/media\/1589"}],"wp:attachment":[{"href":"https:\/\/innocentiemangonipiante.it\/fr\/wp-json\/wp\/v2\/media?parent=12582"}],"wp:term":[{"taxonomy":"product_brand","embeddable":true,"href":"https:\/\/innocentiemangonipiante.it\/fr\/wp-json\/wp\/v2\/product_brand?post=12582"},{"taxonomy":"product_cat","embeddable":true,"href":"https:\/\/innocentiemangonipiante.it\/fr\/wp-json\/wp\/v2\/product_cat?post=12582"},{"taxonomy":"product_tag","embeddable":true,"href":"https:\/\/innocentiemangonipiante.it\/fr\/wp-json\/wp\/v2\/product_tag?post=12582"}],"curies":[{"name":"wp","href":"https:\/\/api.w.org\/{rel}","templated":true}]}}