{"id":12592,"date":"2023-11-04T00:12:24","date_gmt":"2023-11-03T23:12:24","guid":{"rendered":"http:\/\/innocentiemangonipiante.it\/chamaecyparis-obtusa-nana-gracilis\/"},"modified":"2023-11-06T14:20:00","modified_gmt":"2023-11-06T13:20:00","slug":"chamaecyparis-obtusa-nana-gracilis","status":"publish","type":"product","link":"https:\/\/innocentiemangonipiante.it\/fr\/chamaecyparis-obtusa-nana-gracilis\/","title":{"rendered":"CHAMAECYPARIS obtusa &lsquo;Nana Gracilis&rsquo;"},"content":{"rendered":"<p>Conif\u00e8re \u00e0 la croissance lente et au port compact, souvent globuleux. Feuillage squamiforme de couleur vert fonc\u00e9, brillant.<\/p>\n","protected":false},"excerpt":{"rendered":"<p>Conif\u00e8re \u00e0 la croissance lente et au port compact, souvent globuleux. Feuillage squamiforme de couleur vert fonc\u00e9, brillant.<\/p>\n","protected":false},"featured_media":1697,"template":"","meta":{"_acf_changed":false},"product_brand":[],"product_cat":[8824],"product_tag":[10897,6255,8735],"class_list":{"0":"post-12592","1":"product","2":"type-product","3":"status-publish","4":"has-post-thumbnail","6":"product_cat-coniferes","7":"product_tag-naturelle","8":"product_tag-demi-tige","9":"product_tag-quart-de-tige","10":"pa_altezza-massima-300-fr-2","11":"pa_altezza-massima-400-fr","12":"pa_condizionamento-clt-fr","13":"pa_famiglia-cupressaceae-fr","14":"pa_genere-chamaecyparis-fr","15":"pa_inquinamento-resistance-a-la-pollution","16":"pa_origine-asie-orientale","17":"pa_portamento-arrondi","18":"pa_resistenza-climatica-tres-elevee","19":"pa_resistenza-del-suolo-resistant-au-sol-humide","20":"pa_resistenza-del-suolo-resistant-aux-sols-calcaires","21":"pa_utilizzo-parcs","22":"pa_utilizzo-petits-jardins","24":"first","25":"instock","26":"purchasable","27":"product-type-simple"},"acf":[],"_links":{"self":[{"href":"https:\/\/innocentiemangonipiante.it\/fr\/wp-json\/wp\/v2\/product\/12592","targetHints":{"allow":["GET"]}}],"collection":[{"href":"https:\/\/innocentiemangonipiante.it\/fr\/wp-json\/wp\/v2\/product"}],"about":[{"href":"https:\/\/innocentiemangonipiante.it\/fr\/wp-json\/wp\/v2\/types\/product"}],"wp:featuredmedia":[{"embeddable":true,"href":"https:\/\/innocentiemangonipiante.it\/fr\/wp-json\/wp\/v2\/media\/1697"}],"wp:attachment":[{"href":"https:\/\/innocentiemangonipiante.it\/fr\/wp-json\/wp\/v2\/media?parent=12592"}],"wp:term":[{"taxonomy":"product_brand","embeddable":true,"href":"https:\/\/innocentiemangonipiante.it\/fr\/wp-json\/wp\/v2\/product_brand?post=12592"},{"taxonomy":"product_cat","embeddable":true,"href":"https:\/\/innocentiemangonipiante.it\/fr\/wp-json\/wp\/v2\/product_cat?post=12592"},{"taxonomy":"product_tag","embeddable":true,"href":"https:\/\/innocentiemangonipiante.it\/fr\/wp-json\/wp\/v2\/product_tag?post=12592"}],"curies":[{"name":"wp","href":"https:\/\/api.w.org\/{rel}","templated":true}]}}