{"id":12593,"date":"2023-11-04T00:12:18","date_gmt":"2023-11-03T23:12:18","guid":{"rendered":"http:\/\/innocentiemangonipiante.it\/chamaecyparis-obtusa-aurora\/"},"modified":"2023-11-06T14:19:57","modified_gmt":"2023-11-06T13:19:57","slug":"chamaecyparis-obtusa-aurora","status":"publish","type":"product","link":"https:\/\/innocentiemangonipiante.it\/fr\/chamaecyparis-obtusa-aurora\/","title":{"rendered":"CHAMAECYPARIS obtusa &lsquo;Aurora&rsquo;"},"content":{"rendered":"<p>Croissance lente pour ce conif\u00e8re au feuillage dor\u00e9 qui se d\u00e9veloppe m\u00eame en plein soleil.<\/p>\n","protected":false},"excerpt":{"rendered":"<p>Croissance lente pour ce conif\u00e8re au feuillage dor\u00e9 qui se d\u00e9veloppe m\u00eame en plein soleil.<\/p>\n","protected":false},"featured_media":1691,"template":"","meta":{"_acf_changed":false},"product_brand":[],"product_cat":[8824],"product_tag":[10897,8735],"class_list":{"0":"post-12593","1":"product","2":"type-product","3":"status-publish","4":"has-post-thumbnail","6":"product_cat-coniferes","7":"product_tag-naturelle","8":"product_tag-quart-de-tige","9":"pa_altezza-massima-300-fr-2","10":"pa_altezza-massima-400-fr","11":"pa_colore-delle-foglie-jaune","12":"pa_condizionamento-clt-fr","13":"pa_famiglia-cupressaceae-fr","14":"pa_genere-chamaecyparis-fr","15":"pa_inquinamento-resistance-a-la-pollution","16":"pa_origine-asie-orientale","17":"pa_portamento-arrondi","18":"pa_resistenza-climatica-tres-elevee","19":"pa_resistenza-del-suolo-resistant-au-sol-humide","20":"pa_resistenza-del-suolo-resistant-aux-sols-calcaires","21":"pa_utilizzo-parcs","22":"pa_utilizzo-petits-jardins","24":"first","25":"instock","26":"purchasable","27":"product-type-simple"},"acf":[],"_links":{"self":[{"href":"https:\/\/innocentiemangonipiante.it\/fr\/wp-json\/wp\/v2\/product\/12593","targetHints":{"allow":["GET"]}}],"collection":[{"href":"https:\/\/innocentiemangonipiante.it\/fr\/wp-json\/wp\/v2\/product"}],"about":[{"href":"https:\/\/innocentiemangonipiante.it\/fr\/wp-json\/wp\/v2\/types\/product"}],"wp:featuredmedia":[{"embeddable":true,"href":"https:\/\/innocentiemangonipiante.it\/fr\/wp-json\/wp\/v2\/media\/1691"}],"wp:attachment":[{"href":"https:\/\/innocentiemangonipiante.it\/fr\/wp-json\/wp\/v2\/media?parent=12593"}],"wp:term":[{"taxonomy":"product_brand","embeddable":true,"href":"https:\/\/innocentiemangonipiante.it\/fr\/wp-json\/wp\/v2\/product_brand?post=12593"},{"taxonomy":"product_cat","embeddable":true,"href":"https:\/\/innocentiemangonipiante.it\/fr\/wp-json\/wp\/v2\/product_cat?post=12593"},{"taxonomy":"product_tag","embeddable":true,"href":"https:\/\/innocentiemangonipiante.it\/fr\/wp-json\/wp\/v2\/product_tag?post=12593"}],"curies":[{"name":"wp","href":"https:\/\/api.w.org\/{rel}","templated":true}]}}