{"id":12594,"date":"2023-11-04T00:12:05","date_gmt":"2023-11-03T23:12:05","guid":{"rendered":"http:\/\/innocentiemangonipiante.it\/chamaecyparis-nootkatensis-pendula\/"},"modified":"2023-11-06T14:19:52","modified_gmt":"2023-11-06T13:19:52","slug":"chamaecyparis-nootkatensis-pendula","status":"publish","type":"product","link":"https:\/\/innocentiemangonipiante.it\/fr\/chamaecyparis-nootkatensis-pendula\/","title":{"rendered":"CHAMAECYPARIS nootkatensis &lsquo;Pendula&rsquo;"},"content":{"rendered":"<p>Conif\u00e8re au port pendant qui se dresse sur un axe central, portant, droit jusqu\u2019\u00e0 former la pointe de l\u2019arbre. Ramescence irr\u00e9guli\u00e8re horizontale avec des rameaux lat\u00e9raux retombants. Feuillage squamiforme de couleur vert fonc\u00e9. L\u2019\u00e9corce gris vert s\u2019effeuille en limbes en vieillissant.<\/p>\n","protected":false},"excerpt":{"rendered":"<p>Conif\u00e8re au port pendant qui se dresse sur un axe central, portant, droit jusqu\u2019\u00e0 former la pointe de l\u2019arbre. Ramescence irr\u00e9guli\u00e8re horizontale avec des rameaux lat\u00e9raux retombants. Feuillage squamiforme de couleur vert fonc\u00e9. L\u2019\u00e9corce gris vert s\u2019effeuille en limbes en vieillissant.<\/p>\n","protected":false},"featured_media":1685,"template":"","meta":{"_acf_changed":false},"product_brand":[],"product_cat":[8824],"product_tag":[10897],"class_list":{"0":"post-12594","1":"product","2":"type-product","3":"status-publish","4":"has-post-thumbnail","6":"product_cat-coniferes","7":"product_tag-naturelle","8":"pa_altezza-massima-20-metres","9":"pa_altezza-massima-30-metres","10":"pa_condizionamento-clt-fr","11":"pa_condizionamento-motte","12":"pa_famiglia-cupressaceae-fr","13":"pa_genere-chamaecyparis-fr","14":"pa_inquinamento-resistance-a-la-pollution","15":"pa_origine-origine-delle-piante-u-s-a","16":"pa_portamento-pleureur","17":"pa_resistenza-climatica-tres-elevee","18":"pa_resistenza-del-suolo-resistant-au-sol-humide","19":"pa_resistenza-del-suolo-resistant-aux-sols-calcaires","20":"pa_utilizzo-parcs","21":"pa_utilizzo-petits-jardins","23":"first","24":"instock","25":"purchasable","26":"product-type-simple"},"acf":[],"_links":{"self":[{"href":"https:\/\/innocentiemangonipiante.it\/fr\/wp-json\/wp\/v2\/product\/12594","targetHints":{"allow":["GET"]}}],"collection":[{"href":"https:\/\/innocentiemangonipiante.it\/fr\/wp-json\/wp\/v2\/product"}],"about":[{"href":"https:\/\/innocentiemangonipiante.it\/fr\/wp-json\/wp\/v2\/types\/product"}],"wp:featuredmedia":[{"embeddable":true,"href":"https:\/\/innocentiemangonipiante.it\/fr\/wp-json\/wp\/v2\/media\/1685"}],"wp:attachment":[{"href":"https:\/\/innocentiemangonipiante.it\/fr\/wp-json\/wp\/v2\/media?parent=12594"}],"wp:term":[{"taxonomy":"product_brand","embeddable":true,"href":"https:\/\/innocentiemangonipiante.it\/fr\/wp-json\/wp\/v2\/product_brand?post=12594"},{"taxonomy":"product_cat","embeddable":true,"href":"https:\/\/innocentiemangonipiante.it\/fr\/wp-json\/wp\/v2\/product_cat?post=12594"},{"taxonomy":"product_tag","embeddable":true,"href":"https:\/\/innocentiemangonipiante.it\/fr\/wp-json\/wp\/v2\/product_tag?post=12594"}],"curies":[{"name":"wp","href":"https:\/\/api.w.org\/{rel}","templated":true}]}}