{"id":12595,"date":"2023-11-04T00:11:58","date_gmt":"2023-11-03T23:11:58","guid":{"rendered":"http:\/\/innocentiemangonipiante.it\/chamaecyparis-lawsoniana-stardust\/"},"modified":"2023-11-06T14:19:49","modified_gmt":"2023-11-06T13:19:49","slug":"chamaecyparis-lawsoniana-stardust","status":"publish","type":"product","link":"https:\/\/innocentiemangonipiante.it\/fr\/chamaecyparis-lawsoniana-stardust\/","title":{"rendered":"CHAMAECYPARIS lawsoniana &lsquo;Stardust&rsquo;"},"content":{"rendered":"<p>Conif\u00e8re au port colonnaire \u00e0 largement conique. La ramescence tr\u00e8s dense porte un feuillage de couleur jaune opaque. Les extr\u00e9mit\u00e9s des branches sont l\u00e9g\u00e8rement retombantes.<\/p>\n","protected":false},"excerpt":{"rendered":"<p>Conif\u00e8re au port colonnaire \u00e0 largement conique. La ramescence tr\u00e8s dense porte un feuillage de couleur jaune opaque. Les extr\u00e9mit\u00e9s des branches sont l\u00e9g\u00e8rement retombantes.<\/p>\n","protected":false},"featured_media":1679,"template":"","meta":{"_acf_changed":false},"product_brand":[],"product_cat":[8824],"product_tag":[10897],"class_list":{"0":"post-12595","1":"product","2":"type-product","3":"status-publish","4":"has-post-thumbnail","6":"product_cat-coniferes","7":"product_tag-naturelle","8":"pa_altezza-massima-500-fr","9":"pa_altezza-massima-800-fr","10":"pa_colore-delle-foglie-jaune","11":"pa_condizionamento-clt-fr","12":"pa_condizionamento-vs-fr","13":"pa_famiglia-cupressaceae-fr","14":"pa_genere-chamaecyparis-fr","15":"pa_inquinamento-resistance-a-la-pollution","16":"pa_origine-hollande","17":"pa_portamento-conico-fr","18":"pa_resistenza-climatica-tres-elevee","19":"pa_resistenza-del-suolo-resistant-au-sol-humide","20":"pa_resistenza-del-suolo-resistant-aux-sols-calcaires","21":"pa_utilizzo-parcs","22":"pa_utilizzo-petits-jardins","24":"first","25":"instock","26":"purchasable","27":"product-type-simple"},"acf":[],"_links":{"self":[{"href":"https:\/\/innocentiemangonipiante.it\/fr\/wp-json\/wp\/v2\/product\/12595","targetHints":{"allow":["GET"]}}],"collection":[{"href":"https:\/\/innocentiemangonipiante.it\/fr\/wp-json\/wp\/v2\/product"}],"about":[{"href":"https:\/\/innocentiemangonipiante.it\/fr\/wp-json\/wp\/v2\/types\/product"}],"wp:featuredmedia":[{"embeddable":true,"href":"https:\/\/innocentiemangonipiante.it\/fr\/wp-json\/wp\/v2\/media\/1679"}],"wp:attachment":[{"href":"https:\/\/innocentiemangonipiante.it\/fr\/wp-json\/wp\/v2\/media?parent=12595"}],"wp:term":[{"taxonomy":"product_brand","embeddable":true,"href":"https:\/\/innocentiemangonipiante.it\/fr\/wp-json\/wp\/v2\/product_brand?post=12595"},{"taxonomy":"product_cat","embeddable":true,"href":"https:\/\/innocentiemangonipiante.it\/fr\/wp-json\/wp\/v2\/product_cat?post=12595"},{"taxonomy":"product_tag","embeddable":true,"href":"https:\/\/innocentiemangonipiante.it\/fr\/wp-json\/wp\/v2\/product_tag?post=12595"}],"curies":[{"name":"wp","href":"https:\/\/api.w.org\/{rel}","templated":true}]}}