{"id":12596,"date":"2023-11-04T00:11:50","date_gmt":"2023-11-03T23:11:50","guid":{"rendered":"http:\/\/innocentiemangonipiante.it\/chamaecyparis-lawsoniana-elwoodii\/"},"modified":"2023-11-06T14:19:47","modified_gmt":"2023-11-06T13:19:47","slug":"chamaecyparis-lawsoniana-elwoodii","status":"publish","type":"product","link":"https:\/\/innocentiemangonipiante.it\/fr\/chamaecyparis-lawsoniana-elwoodii\/","title":{"rendered":"CHAMAECYPARIS lawsoniana &lsquo;Elwoodii&rsquo;"},"content":{"rendered":"<p>Conif\u00e8re au port conique, dense et compact. Les branches dress\u00e9es portent un feuillage tr\u00e8s fin de couleur bleu acier.<\/p>\n","protected":false},"excerpt":{"rendered":"<p>Conif\u00e8re au port conique, dense et compact. Les branches dress\u00e9es portent un feuillage tr\u00e8s fin de couleur bleu acier.<\/p>\n","protected":false},"featured_media":1673,"template":"","meta":{"_acf_changed":false},"product_brand":[],"product_cat":[8824],"product_tag":[10897],"class_list":{"0":"post-12596","1":"product","2":"type-product","3":"status-publish","4":"has-post-thumbnail","6":"product_cat-coniferes","7":"product_tag-naturelle","8":"pa_altezza-massima-200-fr","9":"pa_altezza-massima-300-fr-2","10":"pa_colore-delle-foglie-bleu","11":"pa_condizionamento-clt-fr","12":"pa_famiglia-cupressaceae-fr","13":"pa_genere-chamaecyparis-fr","14":"pa_inquinamento-resistance-a-la-pollution","15":"pa_origine-angleterre","16":"pa_portamento-conico-fr","17":"pa_resistenza-climatica-tres-elevee","18":"pa_resistenza-del-suolo-resistant-au-sol-humide","19":"pa_resistenza-del-suolo-resistant-aux-sols-calcaires","20":"pa_utilizzo-parcs","21":"pa_utilizzo-petits-jardins","23":"first","24":"instock","25":"purchasable","26":"product-type-simple"},"acf":[],"_links":{"self":[{"href":"https:\/\/innocentiemangonipiante.it\/fr\/wp-json\/wp\/v2\/product\/12596","targetHints":{"allow":["GET"]}}],"collection":[{"href":"https:\/\/innocentiemangonipiante.it\/fr\/wp-json\/wp\/v2\/product"}],"about":[{"href":"https:\/\/innocentiemangonipiante.it\/fr\/wp-json\/wp\/v2\/types\/product"}],"wp:featuredmedia":[{"embeddable":true,"href":"https:\/\/innocentiemangonipiante.it\/fr\/wp-json\/wp\/v2\/media\/1673"}],"wp:attachment":[{"href":"https:\/\/innocentiemangonipiante.it\/fr\/wp-json\/wp\/v2\/media?parent=12596"}],"wp:term":[{"taxonomy":"product_brand","embeddable":true,"href":"https:\/\/innocentiemangonipiante.it\/fr\/wp-json\/wp\/v2\/product_brand?post=12596"},{"taxonomy":"product_cat","embeddable":true,"href":"https:\/\/innocentiemangonipiante.it\/fr\/wp-json\/wp\/v2\/product_cat?post=12596"},{"taxonomy":"product_tag","embeddable":true,"href":"https:\/\/innocentiemangonipiante.it\/fr\/wp-json\/wp\/v2\/product_tag?post=12596"}],"curies":[{"name":"wp","href":"https:\/\/api.w.org\/{rel}","templated":true}]}}