{"id":12598,"date":"2023-11-04T00:13:05","date_gmt":"2023-11-03T23:13:05","guid":{"rendered":"http:\/\/innocentiemangonipiante.it\/chamaerops-humilis-compacta\/"},"modified":"2023-11-06T14:20:27","modified_gmt":"2023-11-06T13:20:27","slug":"chamaerops-humilis-compacta","status":"publish","type":"product","link":"https:\/\/innocentiemangonipiante.it\/fr\/chamaerops-humilis-compacta\/","title":{"rendered":"CHAMAEROPS humilis &lsquo;Compacta&rsquo;"},"content":{"rendered":"<p>Feuillage rigide et port compact, int\u00e9ressant pour petits jardins et terrasses. Originaire d\u2019une \u00eele volcanique du sud Italie. Palmier tr\u00e8s r\u00e9sistant au froid (-15\u00b0C) au sel et \u00e0 la s\u00e9cheresse.<\/p>\n","protected":false},"excerpt":{"rendered":"<p>Feuillage rigide et port compact, int\u00e9ressant pour petits jardins et terrasses. Originaire d\u2019une \u00eele volcanique du sud Italie. Palmier tr\u00e8s r\u00e9sistant au froid (-15\u00b0C) au sel et \u00e0 la s\u00e9cheresse.<\/p>\n","protected":false},"featured_media":1715,"template":"","meta":{"_acf_changed":false},"product_brand":[],"product_cat":[8833],"product_tag":[10897],"class_list":{"0":"post-12598","1":"product","2":"type-product","3":"status-publish","4":"has-post-thumbnail","6":"product_cat-palme-et-succulent","7":"product_tag-naturelle","8":"pa_altezza-massima-200-fr","9":"pa_altezza-massima-300-fr-2","10":"pa_condizionamento-clt-fr","11":"pa_famiglia-palmae-fr","12":"pa_genere-chamaerops-fr","13":"pa_origine-italie","14":"pa_portamento-eretto-fr","15":"pa_resistenza-climatica-moyenne-elevee","16":"pa_resistenza-del-suolo-resistant-aux-sols-secs","17":"pa_salinita-resistance-a-la-salinisation","18":"pa_utilizzo-balcons","19":"pa_utilizzo-petits-jardins","21":"first","22":"instock","23":"purchasable","24":"product-type-simple"},"acf":[],"_links":{"self":[{"href":"https:\/\/innocentiemangonipiante.it\/fr\/wp-json\/wp\/v2\/product\/12598","targetHints":{"allow":["GET"]}}],"collection":[{"href":"https:\/\/innocentiemangonipiante.it\/fr\/wp-json\/wp\/v2\/product"}],"about":[{"href":"https:\/\/innocentiemangonipiante.it\/fr\/wp-json\/wp\/v2\/types\/product"}],"wp:featuredmedia":[{"embeddable":true,"href":"https:\/\/innocentiemangonipiante.it\/fr\/wp-json\/wp\/v2\/media\/1715"}],"wp:attachment":[{"href":"https:\/\/innocentiemangonipiante.it\/fr\/wp-json\/wp\/v2\/media?parent=12598"}],"wp:term":[{"taxonomy":"product_brand","embeddable":true,"href":"https:\/\/innocentiemangonipiante.it\/fr\/wp-json\/wp\/v2\/product_brand?post=12598"},{"taxonomy":"product_cat","embeddable":true,"href":"https:\/\/innocentiemangonipiante.it\/fr\/wp-json\/wp\/v2\/product_cat?post=12598"},{"taxonomy":"product_tag","embeddable":true,"href":"https:\/\/innocentiemangonipiante.it\/fr\/wp-json\/wp\/v2\/product_tag?post=12598"}],"curies":[{"name":"wp","href":"https:\/\/api.w.org\/{rel}","templated":true}]}}