{"id":12599,"date":"2023-11-04T00:12:51","date_gmt":"2023-11-03T23:12:51","guid":{"rendered":"http:\/\/innocentiemangonipiante.it\/chamaerops-humilis-cerifera\/"},"modified":"2023-11-06T14:20:17","modified_gmt":"2023-11-06T13:20:17","slug":"chamaerops-humilis-cerifera","status":"publish","type":"product","link":"https:\/\/innocentiemangonipiante.it\/fr\/chamaerops-humilis-cerifera\/","title":{"rendered":"CHAMAEROPS humilis &lsquo;Cerifera&rsquo;"},"content":{"rendered":"<p>Croissance lente. Tr\u00e8s d\u00e9corative grace \u00e0 son feuillage de couleur bleu acier.<\/p>\n","protected":false},"excerpt":{"rendered":"<p>Croissance lente. Tr\u00e8s d\u00e9corative grace \u00e0 son feuillage de couleur bleu acier.<\/p>\n","protected":false},"featured_media":1709,"template":"","meta":{"_acf_changed":false},"product_brand":[],"product_cat":[8833],"product_tag":[10897,8596],"class_list":{"0":"post-12599","1":"product","2":"type-product","3":"status-publish","4":"has-post-thumbnail","6":"product_cat-palme-et-succulent","7":"product_tag-naturelle","8":"product_tag-cepee","9":"pa_altezza-massima-300-fr-2","10":"pa_altezza-massima-400-fr","11":"pa_colore-delle-foglie-bleu","12":"pa_condizionamento-clt-fr","13":"pa_famiglia-palmae-fr","14":"pa_genere-chamaerops-fr","15":"pa_origine-maroc","16":"pa_portamento-eretto-fr","17":"pa_resistenza-climatica-moyenne-elevee","18":"pa_resistenza-del-suolo-resistant-aux-sols-secs","19":"pa_salinita-resistance-a-la-salinisation","20":"pa_utilizzo-parcs","21":"pa_utilizzo-petits-jardins","23":"first","24":"instock","25":"purchasable","26":"product-type-simple"},"acf":[],"_links":{"self":[{"href":"https:\/\/innocentiemangonipiante.it\/fr\/wp-json\/wp\/v2\/product\/12599","targetHints":{"allow":["GET"]}}],"collection":[{"href":"https:\/\/innocentiemangonipiante.it\/fr\/wp-json\/wp\/v2\/product"}],"about":[{"href":"https:\/\/innocentiemangonipiante.it\/fr\/wp-json\/wp\/v2\/types\/product"}],"wp:featuredmedia":[{"embeddable":true,"href":"https:\/\/innocentiemangonipiante.it\/fr\/wp-json\/wp\/v2\/media\/1709"}],"wp:attachment":[{"href":"https:\/\/innocentiemangonipiante.it\/fr\/wp-json\/wp\/v2\/media?parent=12599"}],"wp:term":[{"taxonomy":"product_brand","embeddable":true,"href":"https:\/\/innocentiemangonipiante.it\/fr\/wp-json\/wp\/v2\/product_brand?post=12599"},{"taxonomy":"product_cat","embeddable":true,"href":"https:\/\/innocentiemangonipiante.it\/fr\/wp-json\/wp\/v2\/product_cat?post=12599"},{"taxonomy":"product_tag","embeddable":true,"href":"https:\/\/innocentiemangonipiante.it\/fr\/wp-json\/wp\/v2\/product_tag?post=12599"}],"curies":[{"name":"wp","href":"https:\/\/api.w.org\/{rel}","templated":true}]}}