{"id":12600,"date":"2023-11-04T00:12:44","date_gmt":"2023-11-03T23:12:44","guid":{"rendered":"http:\/\/innocentiemangonipiante.it\/chamaerops-humilis\/"},"modified":"2023-11-06T14:20:12","modified_gmt":"2023-11-06T13:20:12","slug":"chamaerops-humilis","status":"publish","type":"product","link":"https:\/\/innocentiemangonipiante.it\/fr\/chamaerops-humilis\/","title":{"rendered":"CHAMAEROPS humilis"},"content":{"rendered":"<p>Genre de palmier nain \u00e0 la croissance lente. Les feuilles sont penn\u00e9es, vert brillant, d\u2019une longueur de 80 cm, compos\u00e9e par des folioles lin\u00e9aires et poussant en touffes denses. D\u00e9veloppe des panicules remplies de petites fleurs jaunes d\u2019une longueur de 30 \u00e0 40 cm au d\u00e9but de l\u2019\u00e9t\u00e9.<\/p>\n","protected":false},"excerpt":{"rendered":"<p>Genre de palmier nain \u00e0 la croissance lente. Les feuilles sont penn\u00e9es, vert brillant, d\u2019une longueur de 80 cm, compos\u00e9e par des folioles lin\u00e9aires et poussant en touffes denses. D\u00e9veloppe des panicules remplies de petites fleurs jaunes d\u2019une longueur de 30 \u00e0 40 cm au d\u00e9but de l\u2019\u00e9t\u00e9.<\/p>\n","protected":false},"featured_media":1703,"template":"","meta":{"_acf_changed":false},"product_brand":[],"product_cat":[8833,9230],"product_tag":[10897,8596],"class_list":{"0":"post-12600","1":"product","2":"type-product","3":"status-publish","4":"has-post-thumbnail","6":"product_cat-palme-et-succulent","7":"product_cat-arbres-et-plantes-du-futur","8":"product_tag-naturelle","9":"product_tag-cepee","10":"pa_altezza-massima-300-fr-2","11":"pa_altezza-massima-600-fr","12":"pa_colore-fioritura-jaune","13":"pa_condizionamento-clt-fr","14":"pa_condizionamento-vs-fr","15":"pa_famiglia-palmae-fr","16":"pa_genere-chamaerops-fr","17":"pa_origine-sud-de-leurope-fr","18":"pa_periodo-fioritura-juin","19":"pa_portamento-eretto-fr","20":"pa_resistenza-climatica-moyenne-elevee","21":"pa_resistenza-del-suolo-resistant-aux-sols-secs","22":"pa_salinita-resistance-a-la-salinisation","23":"pa_utilizzo-balcons","24":"pa_utilizzo-petits-jardins","26":"first","27":"instock","28":"purchasable","29":"product-type-simple"},"acf":[],"_links":{"self":[{"href":"https:\/\/innocentiemangonipiante.it\/fr\/wp-json\/wp\/v2\/product\/12600","targetHints":{"allow":["GET"]}}],"collection":[{"href":"https:\/\/innocentiemangonipiante.it\/fr\/wp-json\/wp\/v2\/product"}],"about":[{"href":"https:\/\/innocentiemangonipiante.it\/fr\/wp-json\/wp\/v2\/types\/product"}],"wp:featuredmedia":[{"embeddable":true,"href":"https:\/\/innocentiemangonipiante.it\/fr\/wp-json\/wp\/v2\/media\/1703"}],"wp:attachment":[{"href":"https:\/\/innocentiemangonipiante.it\/fr\/wp-json\/wp\/v2\/media?parent=12600"}],"wp:term":[{"taxonomy":"product_brand","embeddable":true,"href":"https:\/\/innocentiemangonipiante.it\/fr\/wp-json\/wp\/v2\/product_brand?post=12600"},{"taxonomy":"product_cat","embeddable":true,"href":"https:\/\/innocentiemangonipiante.it\/fr\/wp-json\/wp\/v2\/product_cat?post=12600"},{"taxonomy":"product_tag","embeddable":true,"href":"https:\/\/innocentiemangonipiante.it\/fr\/wp-json\/wp\/v2\/product_tag?post=12600"}],"curies":[{"name":"wp","href":"https:\/\/api.w.org\/{rel}","templated":true}]}}